{"id":1426,"date":"2023-09-02T18:38:35","date_gmt":"2023-09-02T18:38:35","guid":{"rendered":"https:\/\/www.elenagalavis.com\/?page_id=1426"},"modified":"2023-09-08T07:10:12","modified_gmt":"2023-09-08T07:10:12","slug":"encarga-tu-cuadro","status":"publish","type":"page","link":"https:\/\/www.elenagalavis.com\/index.php\/encarga-tu-cuadro\/","title":{"rendered":"ENCARGOS"},"content":{"rendered":"\n<p class=\"has-text-align-center\">Encarga tu obra 100% personalizada.<\/p>\n\n\n\n<p class=\"has-text-align-center\"><strong><em>1\u00ba &#8211; ELEGIR TAMA\u00d1O<\/em><\/strong><\/p>\n\n\n\n<p class=\"has-text-align-center\">Para poder asesorarte mejor lo ideal es que me mandes fotos y dimensiones del espacio donde quieres que vaya la obra y as\u00ed te aconsejo de opciones y tama\u00f1os que te encajen bien y te doy presupuestos.<\/p>\n\n\n\n<p class=\"has-text-align-center\">Tambi\u00e9n hablaremos del tipo de cuadro que quieres, tus ideas, gustos, preferencias y sensaciones que quieres que te transmita para que sea el cuadro perfecto para ti.<\/p>\n\n\n\n<p class=\"has-text-align-center\"><strong><em>2\u00ba &#8211; RESERVA<\/em><\/strong><\/p>\n\n\n\n<p class=\"has-text-align-center\">Para apuntarte en la lista de espera hay que abonar un 30% del importe total. La reserva se puede realizar por Bizum o transferencia bancaria. <\/p>\n\n\n\n<p class=\"has-text-align-center\">Te hablar\u00e9 del plazo aproximados de entrega que depende de la demanda del momento. <\/p>\n\n\n\n<p class=\"has-text-align-center\"><strong><em>3\u00ba &#8211; EMPIEZA LA MAGIA<\/em><\/strong><\/p>\n\n\n\n<p class=\"has-text-align-center\">Cuando llegue tu turno, revisaremos y confirmaremos toda la informaci\u00f3n sobre el tipo de cuadro que quieres y realizar\u00e9 un boceto si lo consideramos conveniente. <\/p>\n\n\n\n<p class=\"has-text-align-center\">Te mantendr\u00e9 informando del proceso y, si quieres, te puedo mandar fotos y v\u00eddeos de c\u00f3mo va evolucionando. <\/p>\n\n\n\n<p class=\"has-text-align-center\"><strong><em>4\u00ba &#8211; DISFRUTAR DE TU OBRA<\/em><\/strong><\/p>\n\n\n\n<p class=\"has-text-align-center\">Cuando me des el visto bueno, procedo a firmar y barnizar.<\/p>\n\n\n\n<p class=\"has-text-align-center\"> Se abona el 70% restante y te env\u00edo la obra. <\/p>\n\n\n\n<p class=\"has-text-align-center\">Todas las obras se env\u00edan con certificado de autenticidad. <\/p>\n\n\n\n<p class=\"has-text-align-center\">Tambi\u00e9n incluyo los enganches para colgarlos en la pared.<\/p>\n\n\n\n<p class=\"has-text-align-center\">Si vives en Madrid puedes venir a recogerla a mi estudio (en el barrio de Moratalaz). <\/p>\n\n\n\n<p class=\"has-text-align-center\"><strong><mark style=\"background-color:rgba(0, 0, 0, 0)\" class=\"has-inline-color has-dark-yellow-color\">_______________________________________<\/mark><\/strong><\/p>\n\n\n\n<div class=\"wp-block-columns is-layout-flex wp-container-core-columns-is-layout-9d6595d7 wp-block-columns-is-layout-flex\">\n<div class=\"wp-block-column is-layout-flow wp-block-column-is-layout-flow\" style=\"flex-basis:100%\">\n<div class=\"wp-block-columns is-layout-flex wp-container-core-columns-is-layout-9d6595d7 wp-block-columns-is-layout-flex\">\n<div class=\"wp-block-column is-layout-flow wp-block-column-is-layout-flow\">\n<p><\/p>\n\n\n\n<p><\/p>\n\n\n\n<p>Contacta conmigo por email, tel\u00e9fono, whatsapp o Instagram:<\/p>\n\n\n\n<ul class=\"wp-block-list\">\n<li><strong>elenagalavisart@gmail.com<\/strong><\/li>\n<\/ul>\n\n\n\n<ul class=\"wp-block-list\">\n<li><strong>+34 618 05 31 70<\/strong><\/li>\n<\/ul>\n\n\n\n<ul class=\"wp-block-list\">\n<li><img decoding=\"async\" style=\"width: 1px;\" src=\"https:\/\/static.wixstatic.com\/media\/11062b_55e4be1e75564866b6c28290f9a9d271~mv2.png\/v1\/fill\/w_33,h_33,al_c,q_85,usm_1.20_1.00_0.01,enc_auto\/11062b_55e4be1e75564866b6c28290f9a9d271~mv2.png\" alt=\"Instagram\"><a href=\"https:\/\/www.instagram.com\/elena_galavis_art\/?hl=es\"><strong>@<em>elena_galavis_art<\/em><\/strong><\/a><\/li>\n<\/ul>\n<\/div>\n\n\n\n<div class=\"wp-block-column is-layout-flow wp-block-column-is-layout-flow\"><div class=\"wp-block-image\">\n<figure class=\"aligncenter size-large is-resized\"><img loading=\"lazy\" decoding=\"async\" src=\"https:\/\/www.elenagalavis.com\/wp-content\/uploads\/2022\/01\/IMG_6236-1024x1024.jpg\" alt=\"\" class=\"wp-image-516\" style=\"width:312px;height:312px\" width=\"312\" height=\"312\" srcset=\"https:\/\/www.elenagalavis.com\/wp-content\/uploads\/2022\/01\/IMG_6236-1024x1024.jpg 1024w, https:\/\/www.elenagalavis.com\/wp-content\/uploads\/2022\/01\/IMG_6236-300x300.jpg 300w, https:\/\/www.elenagalavis.com\/wp-content\/uploads\/2022\/01\/IMG_6236-150x150.jpg 150w, https:\/\/www.elenagalavis.com\/wp-content\/uploads\/2022\/01\/IMG_6236-768x768.jpg 768w, https:\/\/www.elenagalavis.com\/wp-content\/uploads\/2022\/01\/IMG_6236-1536x1536.jpg 1536w, https:\/\/www.elenagalavis.com\/wp-content\/uploads\/2022\/01\/IMG_6236.jpg 2048w\" sizes=\"auto, (max-width: 312px) 100vw, 312px\" \/><\/figure>\n<\/div><\/div>\n<\/div>\n<\/div>\n<\/div>\n\n\n\n<p><\/p>\n","protected":false},"excerpt":{"rendered":"<p>Encarga tu obra 100% personalizada. 1\u00ba &#8211; ELEGIR TAMA\u00d1O Para poder asesorarte mejor lo ideal es que me mandes fotos y dimensiones del espacio donde quieres que vaya la obra<span class=\"more-button\"><a href=\"https:\/\/www.elenagalavis.com\/index.php\/encarga-tu-cuadro\/\" class=\"more-link\">Seguir leyendo<span class=\"screen-reader-text\">ENCARGOS<\/span><\/a><\/span><\/p>\n","protected":false},"author":1,"featured_media":0,"parent":0,"menu_order":0,"comment_status":"closed","ping_status":"closed","template":"","meta":{"footnotes":""},"class_list":["post-1426","page","type-page","status-publish","hentry"],"yoast_head":"<!-- This site is optimized with the Yoast SEO plugin v23.9 - https:\/\/yoast.com\/wordpress\/plugins\/seo\/ -->\n<title>ENCARGOS - Elena Galav&iacute;s<\/title>\n<meta name=\"robots\" content=\"index, follow, max-snippet:-1, max-image-preview:large, max-video-preview:-1\" \/>\n<link rel=\"canonical\" href=\"https:\/\/www.elenagalavis.com\/index.php\/encarga-tu-cuadro\/\" \/>\n<meta property=\"og:locale\" content=\"es_ES\" \/>\n<meta property=\"og:type\" content=\"article\" \/>\n<meta property=\"og:title\" content=\"ENCARGOS - Elena Galav&iacute;s\" \/>\n<meta property=\"og:description\" content=\"Encarga tu obra 100% personalizada. 1\u00ba &#8211; ELEGIR TAMA\u00d1O Para poder asesorarte mejor lo ideal es que me mandes fotos y dimensiones del espacio donde quieres que vaya la obraSeguir leyendoENCARGOS\" \/>\n<meta property=\"og:url\" content=\"https:\/\/www.elenagalavis.com\/index.php\/encarga-tu-cuadro\/\" \/>\n<meta property=\"og:site_name\" content=\"Elena Galav&iacute;s\" \/>\n<meta property=\"article:modified_time\" content=\"2023-09-08T07:10:12+00:00\" \/>\n<meta property=\"og:image\" content=\"https:\/\/static.wixstatic.com\/media\/11062b_55e4be1e75564866b6c28290f9a9d271~mv2.png\/v1\/fill\/w_33,h_33,al_c,q_85,usm_1.20_1.00_0.01,enc_auto\/11062b_55e4be1e75564866b6c28290f9a9d271~mv2.png\" \/>\n<meta name=\"twitter:card\" content=\"summary_large_image\" \/>\n<meta name=\"twitter:label1\" content=\"Tiempo de lectura\" \/>\n\t<meta name=\"twitter:data1\" content=\"2 minutos\" \/>\n<script type=\"application\/ld+json\" class=\"yoast-schema-graph\">{\"@context\":\"https:\/\/schema.org\",\"@graph\":[{\"@type\":\"WebPage\",\"@id\":\"https:\/\/www.elenagalavis.com\/index.php\/encarga-tu-cuadro\/\",\"url\":\"https:\/\/www.elenagalavis.com\/index.php\/encarga-tu-cuadro\/\",\"name\":\"ENCARGOS - Elena Galav&iacute;s\",\"isPartOf\":{\"@id\":\"https:\/\/www.elenagalavis.com\/#website\"},\"primaryImageOfPage\":{\"@id\":\"https:\/\/www.elenagalavis.com\/index.php\/encarga-tu-cuadro\/#primaryimage\"},\"image\":{\"@id\":\"https:\/\/www.elenagalavis.com\/index.php\/encarga-tu-cuadro\/#primaryimage\"},\"thumbnailUrl\":\"https:\/\/static.wixstatic.com\/media\/11062b_55e4be1e75564866b6c28290f9a9d271~mv2.png\/v1\/fill\/w_33,h_33,al_c,q_85,usm_1.20_1.00_0.01,enc_auto\/11062b_55e4be1e75564866b6c28290f9a9d271~mv2.png\",\"datePublished\":\"2023-09-02T18:38:35+00:00\",\"dateModified\":\"2023-09-08T07:10:12+00:00\",\"breadcrumb\":{\"@id\":\"https:\/\/www.elenagalavis.com\/index.php\/encarga-tu-cuadro\/#breadcrumb\"},\"inLanguage\":\"es\",\"potentialAction\":[{\"@type\":\"ReadAction\",\"target\":[\"https:\/\/www.elenagalavis.com\/index.php\/encarga-tu-cuadro\/\"]}]},{\"@type\":\"ImageObject\",\"inLanguage\":\"es\",\"@id\":\"https:\/\/www.elenagalavis.com\/index.php\/encarga-tu-cuadro\/#primaryimage\",\"url\":\"https:\/\/static.wixstatic.com\/media\/11062b_55e4be1e75564866b6c28290f9a9d271~mv2.png\/v1\/fill\/w_33,h_33,al_c,q_85,usm_1.20_1.00_0.01,enc_auto\/11062b_55e4be1e75564866b6c28290f9a9d271~mv2.png\",\"contentUrl\":\"https:\/\/static.wixstatic.com\/media\/11062b_55e4be1e75564866b6c28290f9a9d271~mv2.png\/v1\/fill\/w_33,h_33,al_c,q_85,usm_1.20_1.00_0.01,enc_auto\/11062b_55e4be1e75564866b6c28290f9a9d271~mv2.png\"},{\"@type\":\"BreadcrumbList\",\"@id\":\"https:\/\/www.elenagalavis.com\/index.php\/encarga-tu-cuadro\/#breadcrumb\",\"itemListElement\":[{\"@type\":\"ListItem\",\"position\":1,\"name\":\"Portada\",\"item\":\"https:\/\/www.elenagalavis.com\/\"},{\"@type\":\"ListItem\",\"position\":2,\"name\":\"ENCARGOS\"}]},{\"@type\":\"WebSite\",\"@id\":\"https:\/\/www.elenagalavis.com\/#website\",\"url\":\"https:\/\/www.elenagalavis.com\/\",\"name\":\"Elena Galav&iacute;s\",\"description\":\"Obras de arte personalizadas\",\"publisher\":{\"@id\":\"https:\/\/www.elenagalavis.com\/#\/schema\/person\/c8a1d034be5c59a15fa7584afa072fbe\"},\"potentialAction\":[{\"@type\":\"SearchAction\",\"target\":{\"@type\":\"EntryPoint\",\"urlTemplate\":\"https:\/\/www.elenagalavis.com\/?s={search_term_string}\"},\"query-input\":{\"@type\":\"PropertyValueSpecification\",\"valueRequired\":true,\"valueName\":\"search_term_string\"}}],\"inLanguage\":\"es\"},{\"@type\":[\"Person\",\"Organization\"],\"@id\":\"https:\/\/www.elenagalavis.com\/#\/schema\/person\/c8a1d034be5c59a15fa7584afa072fbe\",\"name\":\"Elena Galav\u00eds\",\"image\":{\"@type\":\"ImageObject\",\"inLanguage\":\"es\",\"@id\":\"https:\/\/www.elenagalavis.com\/#\/schema\/person\/image\/\",\"url\":\"https:\/\/www.elenagalavis.com\/wp-content\/uploads\/2022\/01\/cropped-IMG_6236.jpg\",\"contentUrl\":\"https:\/\/www.elenagalavis.com\/wp-content\/uploads\/2022\/01\/cropped-IMG_6236.jpg\",\"width\":512,\"height\":512,\"caption\":\"Elena Galav\u00eds\"},\"logo\":{\"@id\":\"https:\/\/www.elenagalavis.com\/#\/schema\/person\/image\/\"},\"sameAs\":[\"https:\/\/www.elenagalavis.com\"]}]}<\/script>\n<!-- \/ Yoast SEO plugin. -->","yoast_head_json":{"title":"ENCARGOS - Elena Galav&iacute;s","robots":{"index":"index","follow":"follow","max-snippet":"max-snippet:-1","max-image-preview":"max-image-preview:large","max-video-preview":"max-video-preview:-1"},"canonical":"https:\/\/www.elenagalavis.com\/index.php\/encarga-tu-cuadro\/","og_locale":"es_ES","og_type":"article","og_title":"ENCARGOS - Elena Galav&iacute;s","og_description":"Encarga tu obra 100% personalizada. 1\u00ba &#8211; ELEGIR TAMA\u00d1O Para poder asesorarte mejor lo ideal es que me mandes fotos y dimensiones del espacio donde quieres que vaya la obraSeguir leyendoENCARGOS","og_url":"https:\/\/www.elenagalavis.com\/index.php\/encarga-tu-cuadro\/","og_site_name":"Elena Galav&iacute;s","article_modified_time":"2023-09-08T07:10:12+00:00","og_image":[{"url":"https:\/\/static.wixstatic.com\/media\/11062b_55e4be1e75564866b6c28290f9a9d271~mv2.png\/v1\/fill\/w_33,h_33,al_c,q_85,usm_1.20_1.00_0.01,enc_auto\/11062b_55e4be1e75564866b6c28290f9a9d271~mv2.png"}],"twitter_card":"summary_large_image","twitter_misc":{"Tiempo de lectura":"2 minutos"},"schema":{"@context":"https:\/\/schema.org","@graph":[{"@type":"WebPage","@id":"https:\/\/www.elenagalavis.com\/index.php\/encarga-tu-cuadro\/","url":"https:\/\/www.elenagalavis.com\/index.php\/encarga-tu-cuadro\/","name":"ENCARGOS - Elena Galav&iacute;s","isPartOf":{"@id":"https:\/\/www.elenagalavis.com\/#website"},"primaryImageOfPage":{"@id":"https:\/\/www.elenagalavis.com\/index.php\/encarga-tu-cuadro\/#primaryimage"},"image":{"@id":"https:\/\/www.elenagalavis.com\/index.php\/encarga-tu-cuadro\/#primaryimage"},"thumbnailUrl":"https:\/\/static.wixstatic.com\/media\/11062b_55e4be1e75564866b6c28290f9a9d271~mv2.png\/v1\/fill\/w_33,h_33,al_c,q_85,usm_1.20_1.00_0.01,enc_auto\/11062b_55e4be1e75564866b6c28290f9a9d271~mv2.png","datePublished":"2023-09-02T18:38:35+00:00","dateModified":"2023-09-08T07:10:12+00:00","breadcrumb":{"@id":"https:\/\/www.elenagalavis.com\/index.php\/encarga-tu-cuadro\/#breadcrumb"},"inLanguage":"es","potentialAction":[{"@type":"ReadAction","target":["https:\/\/www.elenagalavis.com\/index.php\/encarga-tu-cuadro\/"]}]},{"@type":"ImageObject","inLanguage":"es","@id":"https:\/\/www.elenagalavis.com\/index.php\/encarga-tu-cuadro\/#primaryimage","url":"https:\/\/static.wixstatic.com\/media\/11062b_55e4be1e75564866b6c28290f9a9d271~mv2.png\/v1\/fill\/w_33,h_33,al_c,q_85,usm_1.20_1.00_0.01,enc_auto\/11062b_55e4be1e75564866b6c28290f9a9d271~mv2.png","contentUrl":"https:\/\/static.wixstatic.com\/media\/11062b_55e4be1e75564866b6c28290f9a9d271~mv2.png\/v1\/fill\/w_33,h_33,al_c,q_85,usm_1.20_1.00_0.01,enc_auto\/11062b_55e4be1e75564866b6c28290f9a9d271~mv2.png"},{"@type":"BreadcrumbList","@id":"https:\/\/www.elenagalavis.com\/index.php\/encarga-tu-cuadro\/#breadcrumb","itemListElement":[{"@type":"ListItem","position":1,"name":"Portada","item":"https:\/\/www.elenagalavis.com\/"},{"@type":"ListItem","position":2,"name":"ENCARGOS"}]},{"@type":"WebSite","@id":"https:\/\/www.elenagalavis.com\/#website","url":"https:\/\/www.elenagalavis.com\/","name":"Elena Galav&iacute;s","description":"Obras de arte personalizadas","publisher":{"@id":"https:\/\/www.elenagalavis.com\/#\/schema\/person\/c8a1d034be5c59a15fa7584afa072fbe"},"potentialAction":[{"@type":"SearchAction","target":{"@type":"EntryPoint","urlTemplate":"https:\/\/www.elenagalavis.com\/?s={search_term_string}"},"query-input":{"@type":"PropertyValueSpecification","valueRequired":true,"valueName":"search_term_string"}}],"inLanguage":"es"},{"@type":["Person","Organization"],"@id":"https:\/\/www.elenagalavis.com\/#\/schema\/person\/c8a1d034be5c59a15fa7584afa072fbe","name":"Elena Galav\u00eds","image":{"@type":"ImageObject","inLanguage":"es","@id":"https:\/\/www.elenagalavis.com\/#\/schema\/person\/image\/","url":"https:\/\/www.elenagalavis.com\/wp-content\/uploads\/2022\/01\/cropped-IMG_6236.jpg","contentUrl":"https:\/\/www.elenagalavis.com\/wp-content\/uploads\/2022\/01\/cropped-IMG_6236.jpg","width":512,"height":512,"caption":"Elena Galav\u00eds"},"logo":{"@id":"https:\/\/www.elenagalavis.com\/#\/schema\/person\/image\/"},"sameAs":["https:\/\/www.elenagalavis.com"]}]}},"_links":{"self":[{"href":"https:\/\/www.elenagalavis.com\/index.php\/wp-json\/wp\/v2\/pages\/1426","targetHints":{"allow":["GET"]}}],"collection":[{"href":"https:\/\/www.elenagalavis.com\/index.php\/wp-json\/wp\/v2\/pages"}],"about":[{"href":"https:\/\/www.elenagalavis.com\/index.php\/wp-json\/wp\/v2\/types\/page"}],"author":[{"embeddable":true,"href":"https:\/\/www.elenagalavis.com\/index.php\/wp-json\/wp\/v2\/users\/1"}],"replies":[{"embeddable":true,"href":"https:\/\/www.elenagalavis.com\/index.php\/wp-json\/wp\/v2\/comments?post=1426"}],"version-history":[{"count":20,"href":"https:\/\/www.elenagalavis.com\/index.php\/wp-json\/wp\/v2\/pages\/1426\/revisions"}],"predecessor-version":[{"id":1621,"href":"https:\/\/www.elenagalavis.com\/index.php\/wp-json\/wp\/v2\/pages\/1426\/revisions\/1621"}],"wp:attachment":[{"href":"https:\/\/www.elenagalavis.com\/index.php\/wp-json\/wp\/v2\/media?parent=1426"}],"curies":[{"name":"wp","href":"https:\/\/api.w.org\/{rel}","templated":true}]}}