{"id":183,"date":"2022-01-04T18:54:01","date_gmt":"2022-01-04T18:54:01","guid":{"rendered":"https:\/\/www.elenagalavis.com\/?page_id=183"},"modified":"2023-12-28T11:32:12","modified_gmt":"2023-12-28T11:32:12","slug":"galeria","status":"publish","type":"page","link":"https:\/\/www.elenagalavis.com\/index.php\/galeria\/","title":{"rendered":"GALER\u00cdA"},"content":{"rendered":"\n<p class=\"has-text-align-center\">Aqu\u00ed encontrar\u00e1s un recopilatorio de mis obras, la mayor\u00eda realizadas por encargo. Si lo deseas, puedes encargar una obra inspirada en alguna de ellas, personalizando tonos, tama\u00f1o, texturas, formas y estilo o podemos juntos dise\u00f1ar una nueva desde cero.<\/p>\n\n\n<div class=\"wp-block-image\">\n<figure class=\"aligncenter size-large is-resized\"><a href=\"https:\/\/www.elenagalavis.com\/index.php\/amanecer-i\/\"><img loading=\"lazy\" decoding=\"async\" width=\"1024\" height=\"1024\" src=\"https:\/\/www.elenagalavis.com\/wp-content\/uploads\/2022\/01\/amanecerII7-1024x1024.jpeg\" alt=\"\" class=\"wp-image-437\" style=\"aspect-ratio:1;object-fit:contain;width:489px;height:undefinedpx\" srcset=\"https:\/\/www.elenagalavis.com\/wp-content\/uploads\/2022\/01\/amanecerII7-1024x1024.jpeg 1024w, https:\/\/www.elenagalavis.com\/wp-content\/uploads\/2022\/01\/amanecerII7-300x300.jpeg 300w, https:\/\/www.elenagalavis.com\/wp-content\/uploads\/2022\/01\/amanecerII7-150x150.jpeg 150w, https:\/\/www.elenagalavis.com\/wp-content\/uploads\/2022\/01\/amanecerII7-768x768.jpeg 768w, https:\/\/www.elenagalavis.com\/wp-content\/uploads\/2022\/01\/amanecerII7-1536x1536.jpeg 1536w, https:\/\/www.elenagalavis.com\/wp-content\/uploads\/2022\/01\/amanecerII7.jpeg 2048w\" sizes=\"auto, (max-width: 1024px) 100vw, 1024px\" \/><\/a><figcaption class=\"wp-element-caption\"><a href=\"https:\/\/www.elenagalavis.com\/index.php\/amanecer-i\/\"><strong>OBRAS CON TEXTURA<\/strong><\/a><\/figcaption><\/figure>\n<\/div>\n\n\n<div class=\"wp-block-columns are-vertically-aligned-center is-layout-flex wp-container-core-columns-is-layout-9d6595d7 wp-block-columns-is-layout-flex\">\n<div class=\"wp-block-column is-vertically-aligned-center is-layout-flow wp-block-column-is-layout-flow\"><div class=\"wp-block-image\">\n<figure class=\"aligncenter size-full is-resized\"><a href=\"https:\/\/www.elenagalavis.com\/index.php\/tarde-de-primavera\/\"><img loading=\"lazy\" decoding=\"async\" width=\"1781\" height=\"1766\" src=\"https:\/\/www.elenagalavis.com\/wp-content\/uploads\/2023\/08\/la-danza-de-las-hojas.JPEG-2.jpeg\" alt=\"\" class=\"wp-image-1050\" style=\"aspect-ratio:1;object-fit:contain;width:501px;height:undefinedpx\" srcset=\"https:\/\/www.elenagalavis.com\/wp-content\/uploads\/2023\/08\/la-danza-de-las-hojas.JPEG-2.jpeg 1781w, https:\/\/www.elenagalavis.com\/wp-content\/uploads\/2023\/08\/la-danza-de-las-hojas.JPEG-2-300x297.jpeg 300w, https:\/\/www.elenagalavis.com\/wp-content\/uploads\/2023\/08\/la-danza-de-las-hojas.JPEG-2-1024x1015.jpeg 1024w, https:\/\/www.elenagalavis.com\/wp-content\/uploads\/2023\/08\/la-danza-de-las-hojas.JPEG-2-150x150.jpeg 150w, https:\/\/www.elenagalavis.com\/wp-content\/uploads\/2023\/08\/la-danza-de-las-hojas.JPEG-2-768x762.jpeg 768w, https:\/\/www.elenagalavis.com\/wp-content\/uploads\/2023\/08\/la-danza-de-las-hojas.JPEG-2-1536x1523.jpeg 1536w\" sizes=\"auto, (max-width: 1781px) 100vw, 1781px\" \/><\/a><figcaption class=\"wp-element-caption\"><a href=\"https:\/\/www.elenagalavis.com\/index.php\/tarde-de-primavera\/\"><strong>OBRAS A ESP\u00c1TULA<\/strong><\/a><\/figcaption><\/figure>\n<\/div><\/div>\n<\/div>\n\n\n<div class=\"wp-block-image\">\n<figure class=\"aligncenter size-full is-resized\"><a href=\"https:\/\/www.elenagalavis.com\/index.php\/oporto\/\"><img loading=\"lazy\" decoding=\"async\" width=\"1536\" height=\"1536\" src=\"https:\/\/www.elenagalavis.com\/wp-content\/uploads\/2023\/08\/MADRID-edited.jpeg\" alt=\"\" class=\"wp-image-1057\" style=\"aspect-ratio:1;object-fit:contain;width:486px;height:undefinedpx\" srcset=\"https:\/\/www.elenagalavis.com\/wp-content\/uploads\/2023\/08\/MADRID-edited.jpeg 1536w, https:\/\/www.elenagalavis.com\/wp-content\/uploads\/2023\/08\/MADRID-edited-300x300.jpeg 300w, https:\/\/www.elenagalavis.com\/wp-content\/uploads\/2023\/08\/MADRID-edited-1024x1024.jpeg 1024w, https:\/\/www.elenagalavis.com\/wp-content\/uploads\/2023\/08\/MADRID-edited-150x150.jpeg 150w, https:\/\/www.elenagalavis.com\/wp-content\/uploads\/2023\/08\/MADRID-edited-768x768.jpeg 768w\" sizes=\"auto, (max-width: 1536px) 100vw, 1536px\" \/><\/a><figcaption class=\"wp-element-caption\"><strong><a href=\"https:\/\/www.elenagalavis.com\/index.php\/oporto\/\">OBRAS DE CIUDADES<\/a><\/strong><\/figcaption><\/figure>\n<\/div>\n\n\n<div style=\"height:10px\" aria-hidden=\"true\" class=\"wp-block-spacer\"><\/div>\n\n\n<div class=\"wp-block-image\">\n<figure class=\"aligncenter size-large is-resized\"><a href=\"https:\/\/www.elenagalavis.com\/index.php\/aligero\/\"><img loading=\"lazy\" decoding=\"async\" width=\"1024\" height=\"1024\" src=\"https:\/\/www.elenagalavis.com\/wp-content\/uploads\/2023\/09\/BRUMA-1-1024x1024.png\" alt=\"\" class=\"wp-image-1339\" style=\"aspect-ratio:1;object-fit:contain;width:490px;height:undefinedpx\" srcset=\"https:\/\/www.elenagalavis.com\/wp-content\/uploads\/2023\/09\/BRUMA-1-1024x1024.png 1024w, https:\/\/www.elenagalavis.com\/wp-content\/uploads\/2023\/09\/BRUMA-1-300x300.png 300w, https:\/\/www.elenagalavis.com\/wp-content\/uploads\/2023\/09\/BRUMA-1-150x150.png 150w, https:\/\/www.elenagalavis.com\/wp-content\/uploads\/2023\/09\/BRUMA-1-768x768.png 768w, https:\/\/www.elenagalavis.com\/wp-content\/uploads\/2023\/09\/BRUMA-1-1536x1536.png 1536w, https:\/\/www.elenagalavis.com\/wp-content\/uploads\/2023\/09\/BRUMA-1.png 2048w\" sizes=\"auto, (max-width: 1024px) 100vw, 1024px\" \/><\/a><figcaption class=\"wp-element-caption\"><strong><a href=\"https:\/\/www.elenagalavis.com\/index.php\/aligero\/\">OBRAS FIGURATIVAS O SEMI &#8211; FIGURATIVAS<\/a><\/strong><\/figcaption><\/figure>\n<\/div>\n\n\n<div style=\"height:10px\" aria-hidden=\"true\" class=\"wp-block-spacer\"><\/div>\n\n\n<div class=\"wp-block-image\">\n<figure class=\"aligncenter size-large is-resized\"><img loading=\"lazy\" decoding=\"async\" width=\"768\" height=\"1024\" src=\"https:\/\/www.elenagalavis.com\/wp-content\/uploads\/2023\/12\/encuentros-2a-768x1024.jpeg\" alt=\"\" class=\"wp-image-1822\" style=\"width:497px;height:auto\" srcset=\"https:\/\/www.elenagalavis.com\/wp-content\/uploads\/2023\/12\/encuentros-2a-768x1024.jpeg 768w, https:\/\/www.elenagalavis.com\/wp-content\/uploads\/2023\/12\/encuentros-2a-225x300.jpeg 225w, https:\/\/www.elenagalavis.com\/wp-content\/uploads\/2023\/12\/encuentros-2a-1152x1536.jpeg 1152w, https:\/\/www.elenagalavis.com\/wp-content\/uploads\/2023\/12\/encuentros-2a.jpeg 1536w\" sizes=\"auto, (max-width: 768px) 100vw, 768px\" \/><figcaption class=\"wp-element-caption\"><a href=\"https:\/\/www.elenagalavis.com\/index.php\/serie-encuentros\/\"><strong>SERIE ENCUENTROS<\/strong><\/a><\/figcaption><\/figure>\n<\/div>\n\n\n<p><\/p>\n\n\n\n<div style=\"height:10px\" aria-hidden=\"true\" class=\"wp-block-spacer\"><\/div>\n\n\n<div class=\"wp-block-image\">\n<figure class=\"aligncenter size-large is-resized\"><a href=\"https:\/\/www.elenagalavis.com\/index.php\/agua\/\"><img loading=\"lazy\" decoding=\"async\" width=\"1125\" height=\"1125\" src=\"https:\/\/www.elenagalavis.com\/wp-content\/uploads\/2023\/09\/aquel-verano-edited.jpeg\" alt=\"\" class=\"wp-image-1079\" style=\"aspect-ratio:1;object-fit:contain;width:489px;height:undefinedpx\" srcset=\"https:\/\/www.elenagalavis.com\/wp-content\/uploads\/2023\/09\/aquel-verano-edited.jpeg 1125w, https:\/\/www.elenagalavis.com\/wp-content\/uploads\/2023\/09\/aquel-verano-edited-300x300.jpeg 300w, https:\/\/www.elenagalavis.com\/wp-content\/uploads\/2023\/09\/aquel-verano-edited-1024x1024.jpeg 1024w, https:\/\/www.elenagalavis.com\/wp-content\/uploads\/2023\/09\/aquel-verano-edited-150x150.jpeg 150w, https:\/\/www.elenagalavis.com\/wp-content\/uploads\/2023\/09\/aquel-verano-edited-768x768.jpeg 768w\" sizes=\"auto, (max-width: 1125px) 100vw, 1125px\" \/><\/a><figcaption class=\"wp-element-caption\"><strong><a href=\"https:\/\/www.elenagalavis.com\/index.php\/agua\/\">HORIZONTES<\/a><\/strong><\/figcaption><\/figure>\n<\/div>\n\n\n<div style=\"height:10px\" aria-hidden=\"true\" class=\"wp-block-spacer\"><\/div>\n\n\n\n<figure class=\"wp-block-gallery has-nested-images columns-default is-cropped wp-block-gallery-1 is-layout-flex wp-block-gallery-is-layout-flex\">\n<figure class=\"wp-block-image size-large\"><img loading=\"lazy\" decoding=\"async\" width=\"1024\" height=\"1024\" data-id=\"1566\" src=\"https:\/\/www.elenagalavis.com\/wp-content\/uploads\/2023\/09\/mural-3-1024x1024.jpeg\" alt=\"\" class=\"wp-image-1566\" style=\"aspect-ratio:3\/4;object-fit:contain\" srcset=\"https:\/\/www.elenagalavis.com\/wp-content\/uploads\/2023\/09\/mural-3-1024x1024.jpeg 1024w, https:\/\/www.elenagalavis.com\/wp-content\/uploads\/2023\/09\/mural-3-300x300.jpeg 300w, https:\/\/www.elenagalavis.com\/wp-content\/uploads\/2023\/09\/mural-3-150x150.jpeg 150w, https:\/\/www.elenagalavis.com\/wp-content\/uploads\/2023\/09\/mural-3-768x768.jpeg 768w, https:\/\/www.elenagalavis.com\/wp-content\/uploads\/2023\/09\/mural-3-1536x1536.jpeg 1536w, https:\/\/www.elenagalavis.com\/wp-content\/uploads\/2023\/09\/mural-3.jpeg 1818w\" sizes=\"auto, (max-width: 1024px) 100vw, 1024px\" \/><\/figure>\n\n\n\n<figure class=\"wp-block-image size-large\"><img loading=\"lazy\" decoding=\"async\" width=\"819\" height=\"1024\" data-id=\"1568\" src=\"https:\/\/www.elenagalavis.com\/wp-content\/uploads\/2023\/09\/mural-819x1024.jpg\" alt=\"\" class=\"wp-image-1568\" style=\"aspect-ratio:3\/4;object-fit:contain\" srcset=\"https:\/\/www.elenagalavis.com\/wp-content\/uploads\/2023\/09\/mural-819x1024.jpg 819w, https:\/\/www.elenagalavis.com\/wp-content\/uploads\/2023\/09\/mural-240x300.jpg 240w, https:\/\/www.elenagalavis.com\/wp-content\/uploads\/2023\/09\/mural-768x960.jpg 768w, https:\/\/www.elenagalavis.com\/wp-content\/uploads\/2023\/09\/mural-1228x1536.jpg 1228w, https:\/\/www.elenagalavis.com\/wp-content\/uploads\/2023\/09\/mural-1638x2048.jpg 1638w, https:\/\/www.elenagalavis.com\/wp-content\/uploads\/2023\/09\/mural-scaled.jpg 2047w\" sizes=\"auto, (max-width: 819px) 100vw, 819px\" \/><\/figure>\n<figcaption class=\"blocks-gallery-caption wp-element-caption\"><strong><a href=\"https:\/\/www.elenagalavis.com\/index.php\/mural-composicion-de-cuadros\/\">MURAL-COMPOSICI\u00d3N DE CUADROS<\/a><\/strong><\/figcaption><\/figure>\n","protected":false},"excerpt":{"rendered":"<p>Aqu\u00ed encontrar\u00e1s un recopilatorio de mis obras, la mayor\u00eda realizadas por encargo. Si lo deseas, puedes encargar una obra inspirada en alguna de ellas, personalizando tonos, tama\u00f1o, texturas, formas y<span class=\"more-button\"><a href=\"https:\/\/www.elenagalavis.com\/index.php\/galeria\/\" class=\"more-link\">Seguir leyendo<span class=\"screen-reader-text\">GALER\u00cdA<\/span><\/a><\/span><\/p>\n","protected":false},"author":1,"featured_media":0,"parent":0,"menu_order":0,"comment_status":"closed","ping_status":"closed","template":"","meta":{"footnotes":""},"class_list":["post-183","page","type-page","status-publish","hentry"],"yoast_head":"<!-- This site is optimized with the Yoast SEO plugin v23.9 - https:\/\/yoast.com\/wordpress\/plugins\/seo\/ -->\n<title>GALER\u00cdA - Elena Galav&iacute;s<\/title>\n<meta name=\"robots\" content=\"index, follow, max-snippet:-1, max-image-preview:large, max-video-preview:-1\" \/>\n<link rel=\"canonical\" href=\"https:\/\/www.elenagalavis.com\/index.php\/galeria\/\" \/>\n<meta property=\"og:locale\" content=\"es_ES\" \/>\n<meta property=\"og:type\" content=\"article\" \/>\n<meta property=\"og:title\" content=\"GALER\u00cdA - Elena Galav&iacute;s\" \/>\n<meta property=\"og:description\" content=\"Aqu\u00ed encontrar\u00e1s un recopilatorio de mis obras, la mayor\u00eda realizadas por encargo. Si lo deseas, puedes encargar una obra inspirada en alguna de ellas, personalizando tonos, tama\u00f1o, texturas, formas ySeguir leyendoGALER\u00cdA\" \/>\n<meta property=\"og:url\" content=\"https:\/\/www.elenagalavis.com\/index.php\/galeria\/\" \/>\n<meta property=\"og:site_name\" content=\"Elena Galav&iacute;s\" \/>\n<meta property=\"article:modified_time\" content=\"2023-12-28T11:32:12+00:00\" \/>\n<meta property=\"og:image\" content=\"https:\/\/www.elenagalavis.com\/wp-content\/uploads\/2022\/01\/amanecerII7-1024x1024.jpeg\" \/>\n<meta name=\"twitter:card\" content=\"summary_large_image\" \/>\n<meta name=\"twitter:label1\" content=\"Tiempo de lectura\" \/>\n\t<meta name=\"twitter:data1\" content=\"2 minutos\" \/>\n<script type=\"application\/ld+json\" class=\"yoast-schema-graph\">{\"@context\":\"https:\/\/schema.org\",\"@graph\":[{\"@type\":\"WebPage\",\"@id\":\"https:\/\/www.elenagalavis.com\/index.php\/galeria\/\",\"url\":\"https:\/\/www.elenagalavis.com\/index.php\/galeria\/\",\"name\":\"GALER\u00cdA - Elena Galav&iacute;s\",\"isPartOf\":{\"@id\":\"https:\/\/www.elenagalavis.com\/#website\"},\"primaryImageOfPage\":{\"@id\":\"https:\/\/www.elenagalavis.com\/index.php\/galeria\/#primaryimage\"},\"image\":{\"@id\":\"https:\/\/www.elenagalavis.com\/index.php\/galeria\/#primaryimage\"},\"thumbnailUrl\":\"https:\/\/www.elenagalavis.com\/wp-content\/uploads\/2022\/01\/amanecerII7-1024x1024.jpeg\",\"datePublished\":\"2022-01-04T18:54:01+00:00\",\"dateModified\":\"2023-12-28T11:32:12+00:00\",\"breadcrumb\":{\"@id\":\"https:\/\/www.elenagalavis.com\/index.php\/galeria\/#breadcrumb\"},\"inLanguage\":\"es\",\"potentialAction\":[{\"@type\":\"ReadAction\",\"target\":[\"https:\/\/www.elenagalavis.com\/index.php\/galeria\/\"]}]},{\"@type\":\"ImageObject\",\"inLanguage\":\"es\",\"@id\":\"https:\/\/www.elenagalavis.com\/index.php\/galeria\/#primaryimage\",\"url\":\"https:\/\/www.elenagalavis.com\/wp-content\/uploads\/2022\/01\/amanecerII7-1024x1024.jpeg\",\"contentUrl\":\"https:\/\/www.elenagalavis.com\/wp-content\/uploads\/2022\/01\/amanecerII7-1024x1024.jpeg\"},{\"@type\":\"BreadcrumbList\",\"@id\":\"https:\/\/www.elenagalavis.com\/index.php\/galeria\/#breadcrumb\",\"itemListElement\":[{\"@type\":\"ListItem\",\"position\":1,\"name\":\"Portada\",\"item\":\"https:\/\/www.elenagalavis.com\/\"},{\"@type\":\"ListItem\",\"position\":2,\"name\":\"GALER\u00cdA\"}]},{\"@type\":\"WebSite\",\"@id\":\"https:\/\/www.elenagalavis.com\/#website\",\"url\":\"https:\/\/www.elenagalavis.com\/\",\"name\":\"Elena Galav&iacute;s\",\"description\":\"Obras de arte personalizadas\",\"publisher\":{\"@id\":\"https:\/\/www.elenagalavis.com\/#\/schema\/person\/c8a1d034be5c59a15fa7584afa072fbe\"},\"potentialAction\":[{\"@type\":\"SearchAction\",\"target\":{\"@type\":\"EntryPoint\",\"urlTemplate\":\"https:\/\/www.elenagalavis.com\/?s={search_term_string}\"},\"query-input\":{\"@type\":\"PropertyValueSpecification\",\"valueRequired\":true,\"valueName\":\"search_term_string\"}}],\"inLanguage\":\"es\"},{\"@type\":[\"Person\",\"Organization\"],\"@id\":\"https:\/\/www.elenagalavis.com\/#\/schema\/person\/c8a1d034be5c59a15fa7584afa072fbe\",\"name\":\"Elena Galav\u00eds\",\"image\":{\"@type\":\"ImageObject\",\"inLanguage\":\"es\",\"@id\":\"https:\/\/www.elenagalavis.com\/#\/schema\/person\/image\/\",\"url\":\"https:\/\/www.elenagalavis.com\/wp-content\/uploads\/2022\/01\/cropped-IMG_6236.jpg\",\"contentUrl\":\"https:\/\/www.elenagalavis.com\/wp-content\/uploads\/2022\/01\/cropped-IMG_6236.jpg\",\"width\":512,\"height\":512,\"caption\":\"Elena Galav\u00eds\"},\"logo\":{\"@id\":\"https:\/\/www.elenagalavis.com\/#\/schema\/person\/image\/\"},\"sameAs\":[\"https:\/\/www.elenagalavis.com\"]}]}<\/script>\n<!-- \/ Yoast SEO plugin. -->","yoast_head_json":{"title":"GALER\u00cdA - Elena Galav&iacute;s","robots":{"index":"index","follow":"follow","max-snippet":"max-snippet:-1","max-image-preview":"max-image-preview:large","max-video-preview":"max-video-preview:-1"},"canonical":"https:\/\/www.elenagalavis.com\/index.php\/galeria\/","og_locale":"es_ES","og_type":"article","og_title":"GALER\u00cdA - Elena Galav&iacute;s","og_description":"Aqu\u00ed encontrar\u00e1s un recopilatorio de mis obras, la mayor\u00eda realizadas por encargo. Si lo deseas, puedes encargar una obra inspirada en alguna de ellas, personalizando tonos, tama\u00f1o, texturas, formas ySeguir leyendoGALER\u00cdA","og_url":"https:\/\/www.elenagalavis.com\/index.php\/galeria\/","og_site_name":"Elena Galav&iacute;s","article_modified_time":"2023-12-28T11:32:12+00:00","og_image":[{"url":"https:\/\/www.elenagalavis.com\/wp-content\/uploads\/2022\/01\/amanecerII7-1024x1024.jpeg"}],"twitter_card":"summary_large_image","twitter_misc":{"Tiempo de lectura":"2 minutos"},"schema":{"@context":"https:\/\/schema.org","@graph":[{"@type":"WebPage","@id":"https:\/\/www.elenagalavis.com\/index.php\/galeria\/","url":"https:\/\/www.elenagalavis.com\/index.php\/galeria\/","name":"GALER\u00cdA - Elena Galav&iacute;s","isPartOf":{"@id":"https:\/\/www.elenagalavis.com\/#website"},"primaryImageOfPage":{"@id":"https:\/\/www.elenagalavis.com\/index.php\/galeria\/#primaryimage"},"image":{"@id":"https:\/\/www.elenagalavis.com\/index.php\/galeria\/#primaryimage"},"thumbnailUrl":"https:\/\/www.elenagalavis.com\/wp-content\/uploads\/2022\/01\/amanecerII7-1024x1024.jpeg","datePublished":"2022-01-04T18:54:01+00:00","dateModified":"2023-12-28T11:32:12+00:00","breadcrumb":{"@id":"https:\/\/www.elenagalavis.com\/index.php\/galeria\/#breadcrumb"},"inLanguage":"es","potentialAction":[{"@type":"ReadAction","target":["https:\/\/www.elenagalavis.com\/index.php\/galeria\/"]}]},{"@type":"ImageObject","inLanguage":"es","@id":"https:\/\/www.elenagalavis.com\/index.php\/galeria\/#primaryimage","url":"https:\/\/www.elenagalavis.com\/wp-content\/uploads\/2022\/01\/amanecerII7-1024x1024.jpeg","contentUrl":"https:\/\/www.elenagalavis.com\/wp-content\/uploads\/2022\/01\/amanecerII7-1024x1024.jpeg"},{"@type":"BreadcrumbList","@id":"https:\/\/www.elenagalavis.com\/index.php\/galeria\/#breadcrumb","itemListElement":[{"@type":"ListItem","position":1,"name":"Portada","item":"https:\/\/www.elenagalavis.com\/"},{"@type":"ListItem","position":2,"name":"GALER\u00cdA"}]},{"@type":"WebSite","@id":"https:\/\/www.elenagalavis.com\/#website","url":"https:\/\/www.elenagalavis.com\/","name":"Elena Galav&iacute;s","description":"Obras de arte personalizadas","publisher":{"@id":"https:\/\/www.elenagalavis.com\/#\/schema\/person\/c8a1d034be5c59a15fa7584afa072fbe"},"potentialAction":[{"@type":"SearchAction","target":{"@type":"EntryPoint","urlTemplate":"https:\/\/www.elenagalavis.com\/?s={search_term_string}"},"query-input":{"@type":"PropertyValueSpecification","valueRequired":true,"valueName":"search_term_string"}}],"inLanguage":"es"},{"@type":["Person","Organization"],"@id":"https:\/\/www.elenagalavis.com\/#\/schema\/person\/c8a1d034be5c59a15fa7584afa072fbe","name":"Elena Galav\u00eds","image":{"@type":"ImageObject","inLanguage":"es","@id":"https:\/\/www.elenagalavis.com\/#\/schema\/person\/image\/","url":"https:\/\/www.elenagalavis.com\/wp-content\/uploads\/2022\/01\/cropped-IMG_6236.jpg","contentUrl":"https:\/\/www.elenagalavis.com\/wp-content\/uploads\/2022\/01\/cropped-IMG_6236.jpg","width":512,"height":512,"caption":"Elena Galav\u00eds"},"logo":{"@id":"https:\/\/www.elenagalavis.com\/#\/schema\/person\/image\/"},"sameAs":["https:\/\/www.elenagalavis.com"]}]}},"_links":{"self":[{"href":"https:\/\/www.elenagalavis.com\/index.php\/wp-json\/wp\/v2\/pages\/183","targetHints":{"allow":["GET"]}}],"collection":[{"href":"https:\/\/www.elenagalavis.com\/index.php\/wp-json\/wp\/v2\/pages"}],"about":[{"href":"https:\/\/www.elenagalavis.com\/index.php\/wp-json\/wp\/v2\/types\/page"}],"author":[{"embeddable":true,"href":"https:\/\/www.elenagalavis.com\/index.php\/wp-json\/wp\/v2\/users\/1"}],"replies":[{"embeddable":true,"href":"https:\/\/www.elenagalavis.com\/index.php\/wp-json\/wp\/v2\/comments?post=183"}],"version-history":[{"count":169,"href":"https:\/\/www.elenagalavis.com\/index.php\/wp-json\/wp\/v2\/pages\/183\/revisions"}],"predecessor-version":[{"id":1830,"href":"https:\/\/www.elenagalavis.com\/index.php\/wp-json\/wp\/v2\/pages\/183\/revisions\/1830"}],"wp:attachment":[{"href":"https:\/\/www.elenagalavis.com\/index.php\/wp-json\/wp\/v2\/media?parent=183"}],"curies":[{"name":"wp","href":"https:\/\/api.w.org\/{rel}","templated":true}]}}