{"id":6,"date":"2021-09-18T10:49:25","date_gmt":"2021-09-18T10:49:25","guid":{"rendered":"https:\/\/www.elenagalavis.com\/?page_id=6"},"modified":"2023-09-08T07:13:24","modified_gmt":"2023-09-08T07:13:24","slug":"acerca-de","status":"publish","type":"page","link":"https:\/\/www.elenagalavis.com\/index.php\/acerca-de\/","title":{"rendered":"CON\u00d3CEME"},"content":{"rendered":"\n<blockquote class=\"wp-block-quote is-layout-flow wp-block-quote-is-layout-flow\">\n<p><sub>\u00abEl arte es mi medio de evasi\u00f3n, de desconexi\u00f3n, de disfrute. Es perderme en un mundo de colores, texturas, emociones, m\u00fasica, sensaciones&#8230;\u00bb<\/sub><\/p>\n<cite><sub>Elena Galav\u00eds<\/sub><\/cite><\/blockquote>\n\n\n<div class=\"wp-block-image\">\n<figure class=\"aligncenter size-large\"><img loading=\"lazy\" decoding=\"async\" width=\"1024\" height=\"434\" src=\"https:\/\/www.elenagalavis.com\/wp-content\/uploads\/2022\/01\/elena-con-cuadro-1-1024x434.jpeg\" alt=\"\" class=\"wp-image-652\" srcset=\"https:\/\/www.elenagalavis.com\/wp-content\/uploads\/2022\/01\/elena-con-cuadro-1-1024x434.jpeg 1024w, https:\/\/www.elenagalavis.com\/wp-content\/uploads\/2022\/01\/elena-con-cuadro-1-300x127.jpeg 300w, https:\/\/www.elenagalavis.com\/wp-content\/uploads\/2022\/01\/elena-con-cuadro-1-768x325.jpeg 768w, https:\/\/www.elenagalavis.com\/wp-content\/uploads\/2022\/01\/elena-con-cuadro-1-1536x650.jpeg 1536w, https:\/\/www.elenagalavis.com\/wp-content\/uploads\/2022\/01\/elena-con-cuadro-1-2048x867.jpeg 2048w\" sizes=\"auto, (max-width: 1024px) 100vw, 1024px\" \/><\/figure>\n<\/div>\n\n\n<p class=\"has-text-align-center\" id=\"block-ce3df043-8c08-43a7-b8e2-5ab36651387b\"><strong><em>PINTURA Y PIANO<\/em><\/strong><\/p>\n\n\n\n<p class=\"has-text-align-center\" id=\"block-9184765d-a0c3-4775-bdb3-b9915f3fe4ed\">El arte ha estado presente siempre en mi vida en diferentes formas. Desde peque\u00f1a me decant\u00e9 por la m\u00fasica, estudiando piano profesionalmente y sigo a d\u00eda de hoy dedic\u00e1ndome a ello. Por otro lado, siempre me gust\u00f3 pintar aunque no pod\u00eda dedicarle mucho tiempo. Eso cambi\u00f3 cuando fui a vivir una temporada a Inglaterra, donde comenc\u00e9 a pintar con acr\u00edlico y a enamorarme de esta t\u00e9cnica. Cuando volv\u00ed a Espa\u00f1a, estuve unos a\u00f1os centrada en el piano al 100% hasta que por razones de salud, que me hacen pasar mucho tiempo sentada, me encontr\u00e9 de nuevo con la pintura de forma terap\u00e9utica, y ah\u00ed empez\u00f3 realmente esta aventura.<\/p>\n\n\n\n<p class=\"has-text-align-center\" id=\"block-5248fb23-ce42-4e10-8a1c-4540ff63bad0\">\ufeff<\/p>\n\n\n\n<p class=\"has-text-align-center\" id=\"block-90707f4a-fcc1-44ea-93cd-5ccf9e5d5819\">La pintura me hace disfrutar y desconectar de todos los problemas. Y algo que comenz\u00f3 como un mero hobby para mi se ha convertido de manera natural en mi forma de vida, pudiendo compaginarlo a d\u00eda de hoy a partes iguales con el piano. Arte y piano, una fusi\u00f3n perfecta. Cada una me sirve de inspiraci\u00f3n para la otra.<\/p>\n","protected":false},"excerpt":{"rendered":"<p>\u00abEl arte es mi medio de evasi\u00f3n, de desconexi\u00f3n, de disfrute. Es perderme en un mundo de colores, texturas, emociones, m\u00fasica, sensaciones&#8230;\u00bb Elena Galav\u00eds PINTURA Y PIANO El arte ha<span class=\"more-button\"><a href=\"https:\/\/www.elenagalavis.com\/index.php\/acerca-de\/\" class=\"more-link\">Seguir leyendo<span class=\"screen-reader-text\">CON\u00d3CEME<\/span><\/a><\/span><\/p>\n","protected":false},"author":1,"featured_media":0,"parent":0,"menu_order":0,"comment_status":"closed","ping_status":"closed","template":"","meta":{"footnotes":""},"class_list":["post-6","page","type-page","status-publish","hentry"],"yoast_head":"<!-- This site is optimized with the Yoast SEO plugin v23.9 - https:\/\/yoast.com\/wordpress\/plugins\/seo\/ -->\n<title>CON\u00d3CEME - Elena Galav&iacute;s<\/title>\n<meta name=\"robots\" content=\"index, follow, max-snippet:-1, max-image-preview:large, max-video-preview:-1\" \/>\n<link rel=\"canonical\" href=\"https:\/\/www.elenagalavis.com\/index.php\/acerca-de\/\" \/>\n<meta property=\"og:locale\" content=\"es_ES\" \/>\n<meta property=\"og:type\" content=\"article\" \/>\n<meta property=\"og:title\" content=\"CON\u00d3CEME - Elena Galav&iacute;s\" \/>\n<meta property=\"og:description\" content=\"\u00abEl arte es mi medio de evasi\u00f3n, de desconexi\u00f3n, de disfrute. Es perderme en un mundo de colores, texturas, emociones, m\u00fasica, sensaciones&#8230;\u00bb Elena Galav\u00eds PINTURA Y PIANO El arte haSeguir leyendoCON\u00d3CEME\" \/>\n<meta property=\"og:url\" content=\"https:\/\/www.elenagalavis.com\/index.php\/acerca-de\/\" \/>\n<meta property=\"og:site_name\" content=\"Elena Galav&iacute;s\" \/>\n<meta property=\"article:modified_time\" content=\"2023-09-08T07:13:24+00:00\" \/>\n<meta property=\"og:image\" content=\"https:\/\/www.elenagalavis.com\/wp-content\/uploads\/2022\/01\/elena-con-cuadro-1-1024x434.jpeg\" \/>\n<meta name=\"twitter:card\" content=\"summary_large_image\" \/>\n<meta name=\"twitter:label1\" content=\"Tiempo de lectura\" \/>\n\t<meta name=\"twitter:data1\" content=\"1 minuto\" \/>\n<script type=\"application\/ld+json\" class=\"yoast-schema-graph\">{\"@context\":\"https:\/\/schema.org\",\"@graph\":[{\"@type\":\"WebPage\",\"@id\":\"https:\/\/www.elenagalavis.com\/index.php\/acerca-de\/\",\"url\":\"https:\/\/www.elenagalavis.com\/index.php\/acerca-de\/\",\"name\":\"CON\u00d3CEME - Elena Galav&iacute;s\",\"isPartOf\":{\"@id\":\"https:\/\/www.elenagalavis.com\/#website\"},\"primaryImageOfPage\":{\"@id\":\"https:\/\/www.elenagalavis.com\/index.php\/acerca-de\/#primaryimage\"},\"image\":{\"@id\":\"https:\/\/www.elenagalavis.com\/index.php\/acerca-de\/#primaryimage\"},\"thumbnailUrl\":\"https:\/\/www.elenagalavis.com\/wp-content\/uploads\/2022\/01\/elena-con-cuadro-1-1024x434.jpeg\",\"datePublished\":\"2021-09-18T10:49:25+00:00\",\"dateModified\":\"2023-09-08T07:13:24+00:00\",\"breadcrumb\":{\"@id\":\"https:\/\/www.elenagalavis.com\/index.php\/acerca-de\/#breadcrumb\"},\"inLanguage\":\"es\",\"potentialAction\":[{\"@type\":\"ReadAction\",\"target\":[\"https:\/\/www.elenagalavis.com\/index.php\/acerca-de\/\"]}]},{\"@type\":\"ImageObject\",\"inLanguage\":\"es\",\"@id\":\"https:\/\/www.elenagalavis.com\/index.php\/acerca-de\/#primaryimage\",\"url\":\"https:\/\/www.elenagalavis.com\/wp-content\/uploads\/2022\/01\/elena-con-cuadro-1-1024x434.jpeg\",\"contentUrl\":\"https:\/\/www.elenagalavis.com\/wp-content\/uploads\/2022\/01\/elena-con-cuadro-1-1024x434.jpeg\"},{\"@type\":\"BreadcrumbList\",\"@id\":\"https:\/\/www.elenagalavis.com\/index.php\/acerca-de\/#breadcrumb\",\"itemListElement\":[{\"@type\":\"ListItem\",\"position\":1,\"name\":\"Portada\",\"item\":\"https:\/\/www.elenagalavis.com\/\"},{\"@type\":\"ListItem\",\"position\":2,\"name\":\"CON\u00d3CEME\"}]},{\"@type\":\"WebSite\",\"@id\":\"https:\/\/www.elenagalavis.com\/#website\",\"url\":\"https:\/\/www.elenagalavis.com\/\",\"name\":\"Elena Galav&iacute;s\",\"description\":\"Obras de arte personalizadas\",\"publisher\":{\"@id\":\"https:\/\/www.elenagalavis.com\/#\/schema\/person\/c8a1d034be5c59a15fa7584afa072fbe\"},\"potentialAction\":[{\"@type\":\"SearchAction\",\"target\":{\"@type\":\"EntryPoint\",\"urlTemplate\":\"https:\/\/www.elenagalavis.com\/?s={search_term_string}\"},\"query-input\":{\"@type\":\"PropertyValueSpecification\",\"valueRequired\":true,\"valueName\":\"search_term_string\"}}],\"inLanguage\":\"es\"},{\"@type\":[\"Person\",\"Organization\"],\"@id\":\"https:\/\/www.elenagalavis.com\/#\/schema\/person\/c8a1d034be5c59a15fa7584afa072fbe\",\"name\":\"Elena Galav\u00eds\",\"image\":{\"@type\":\"ImageObject\",\"inLanguage\":\"es\",\"@id\":\"https:\/\/www.elenagalavis.com\/#\/schema\/person\/image\/\",\"url\":\"https:\/\/www.elenagalavis.com\/wp-content\/uploads\/2022\/01\/cropped-IMG_6236.jpg\",\"contentUrl\":\"https:\/\/www.elenagalavis.com\/wp-content\/uploads\/2022\/01\/cropped-IMG_6236.jpg\",\"width\":512,\"height\":512,\"caption\":\"Elena Galav\u00eds\"},\"logo\":{\"@id\":\"https:\/\/www.elenagalavis.com\/#\/schema\/person\/image\/\"},\"sameAs\":[\"https:\/\/www.elenagalavis.com\"]}]}<\/script>\n<!-- \/ Yoast SEO plugin. -->","yoast_head_json":{"title":"CON\u00d3CEME - Elena Galav&iacute;s","robots":{"index":"index","follow":"follow","max-snippet":"max-snippet:-1","max-image-preview":"max-image-preview:large","max-video-preview":"max-video-preview:-1"},"canonical":"https:\/\/www.elenagalavis.com\/index.php\/acerca-de\/","og_locale":"es_ES","og_type":"article","og_title":"CON\u00d3CEME - Elena Galav&iacute;s","og_description":"\u00abEl arte es mi medio de evasi\u00f3n, de desconexi\u00f3n, de disfrute. Es perderme en un mundo de colores, texturas, emociones, m\u00fasica, sensaciones&#8230;\u00bb Elena Galav\u00eds PINTURA Y PIANO El arte haSeguir leyendoCON\u00d3CEME","og_url":"https:\/\/www.elenagalavis.com\/index.php\/acerca-de\/","og_site_name":"Elena Galav&iacute;s","article_modified_time":"2023-09-08T07:13:24+00:00","og_image":[{"url":"https:\/\/www.elenagalavis.com\/wp-content\/uploads\/2022\/01\/elena-con-cuadro-1-1024x434.jpeg"}],"twitter_card":"summary_large_image","twitter_misc":{"Tiempo de lectura":"1 minuto"},"schema":{"@context":"https:\/\/schema.org","@graph":[{"@type":"WebPage","@id":"https:\/\/www.elenagalavis.com\/index.php\/acerca-de\/","url":"https:\/\/www.elenagalavis.com\/index.php\/acerca-de\/","name":"CON\u00d3CEME - Elena Galav&iacute;s","isPartOf":{"@id":"https:\/\/www.elenagalavis.com\/#website"},"primaryImageOfPage":{"@id":"https:\/\/www.elenagalavis.com\/index.php\/acerca-de\/#primaryimage"},"image":{"@id":"https:\/\/www.elenagalavis.com\/index.php\/acerca-de\/#primaryimage"},"thumbnailUrl":"https:\/\/www.elenagalavis.com\/wp-content\/uploads\/2022\/01\/elena-con-cuadro-1-1024x434.jpeg","datePublished":"2021-09-18T10:49:25+00:00","dateModified":"2023-09-08T07:13:24+00:00","breadcrumb":{"@id":"https:\/\/www.elenagalavis.com\/index.php\/acerca-de\/#breadcrumb"},"inLanguage":"es","potentialAction":[{"@type":"ReadAction","target":["https:\/\/www.elenagalavis.com\/index.php\/acerca-de\/"]}]},{"@type":"ImageObject","inLanguage":"es","@id":"https:\/\/www.elenagalavis.com\/index.php\/acerca-de\/#primaryimage","url":"https:\/\/www.elenagalavis.com\/wp-content\/uploads\/2022\/01\/elena-con-cuadro-1-1024x434.jpeg","contentUrl":"https:\/\/www.elenagalavis.com\/wp-content\/uploads\/2022\/01\/elena-con-cuadro-1-1024x434.jpeg"},{"@type":"BreadcrumbList","@id":"https:\/\/www.elenagalavis.com\/index.php\/acerca-de\/#breadcrumb","itemListElement":[{"@type":"ListItem","position":1,"name":"Portada","item":"https:\/\/www.elenagalavis.com\/"},{"@type":"ListItem","position":2,"name":"CON\u00d3CEME"}]},{"@type":"WebSite","@id":"https:\/\/www.elenagalavis.com\/#website","url":"https:\/\/www.elenagalavis.com\/","name":"Elena Galav&iacute;s","description":"Obras de arte personalizadas","publisher":{"@id":"https:\/\/www.elenagalavis.com\/#\/schema\/person\/c8a1d034be5c59a15fa7584afa072fbe"},"potentialAction":[{"@type":"SearchAction","target":{"@type":"EntryPoint","urlTemplate":"https:\/\/www.elenagalavis.com\/?s={search_term_string}"},"query-input":{"@type":"PropertyValueSpecification","valueRequired":true,"valueName":"search_term_string"}}],"inLanguage":"es"},{"@type":["Person","Organization"],"@id":"https:\/\/www.elenagalavis.com\/#\/schema\/person\/c8a1d034be5c59a15fa7584afa072fbe","name":"Elena Galav\u00eds","image":{"@type":"ImageObject","inLanguage":"es","@id":"https:\/\/www.elenagalavis.com\/#\/schema\/person\/image\/","url":"https:\/\/www.elenagalavis.com\/wp-content\/uploads\/2022\/01\/cropped-IMG_6236.jpg","contentUrl":"https:\/\/www.elenagalavis.com\/wp-content\/uploads\/2022\/01\/cropped-IMG_6236.jpg","width":512,"height":512,"caption":"Elena Galav\u00eds"},"logo":{"@id":"https:\/\/www.elenagalavis.com\/#\/schema\/person\/image\/"},"sameAs":["https:\/\/www.elenagalavis.com"]}]}},"_links":{"self":[{"href":"https:\/\/www.elenagalavis.com\/index.php\/wp-json\/wp\/v2\/pages\/6","targetHints":{"allow":["GET"]}}],"collection":[{"href":"https:\/\/www.elenagalavis.com\/index.php\/wp-json\/wp\/v2\/pages"}],"about":[{"href":"https:\/\/www.elenagalavis.com\/index.php\/wp-json\/wp\/v2\/types\/page"}],"author":[{"embeddable":true,"href":"https:\/\/www.elenagalavis.com\/index.php\/wp-json\/wp\/v2\/users\/1"}],"replies":[{"embeddable":true,"href":"https:\/\/www.elenagalavis.com\/index.php\/wp-json\/wp\/v2\/comments?post=6"}],"version-history":[{"count":25,"href":"https:\/\/www.elenagalavis.com\/index.php\/wp-json\/wp\/v2\/pages\/6\/revisions"}],"predecessor-version":[{"id":1622,"href":"https:\/\/www.elenagalavis.com\/index.php\/wp-json\/wp\/v2\/pages\/6\/revisions\/1622"}],"wp:attachment":[{"href":"https:\/\/www.elenagalavis.com\/index.php\/wp-json\/wp\/v2\/media?parent=6"}],"curies":[{"name":"wp","href":"https:\/\/api.w.org\/{rel}","templated":true}]}}