{"id":641,"date":"2022-01-06T11:50:08","date_gmt":"2022-01-06T11:50:08","guid":{"rendered":"https:\/\/www.elenagalavis.com\/?page_id=641"},"modified":"2022-01-06T11:50:08","modified_gmt":"2022-01-06T11:50:08","slug":"preferencias-de-cookies","status":"publish","type":"page","link":"https:\/\/www.elenagalavis.com\/index.php\/preferencias-de-cookies\/","title":{"rendered":"Preferencias de cookies"},"content":{"rendered":"\n<div>\n      <div id=\"custom-cookies-eu-label\">\n          El sitio Web https:\/\/www.elenagalavis.com utiliza cookies propias y de terceros para su correcto funcionamiento y para fines anal\u00edticos. Al hacer clic en el bot\u00f3n Aceptar, acepta el uso de estas tecnolog\u00edas y el procesamiento de sus datos para estos prop\u00f3sitos.          \n\n      <\/div>\n\n      <div id=\"custom-cookies-eu-buttons\" class=\"cookies-eu-buttons\">\n        <button id=\"custom-cookies-eu-reject\" class=\"cookies-eu-reject\">Rechazar<\/button>\n        <button id=\"custom-cookies-eu-accept\" class=\"cookies-eu-accept\">ACEPTAR TODAS LAS COOKIES<\/button><\/div>\n      <\/div>\n\n<br\/>\n<p>\n\tPuedes cambiar tus preferencias de cookies en cualquier momento si vuelves a la p\u00e1gina de Personalizar cookies, a la que puedes acceder a trav\u00e9s del Aviso de cookies. Para obtener m\u00e1s informaci\u00f3n sobre las cookies y c\u00f3mo las usamos, consulta la p\u00e1gina de <a href=\"https:\/\/www.elenagalavis.com\/index.php\/politica-de-cookies\/\">Pol\u00edtica de Cookies<\/a>.\n<\/p>\n\n<h3>Cookies t\u00e9cnicas<\/h3>\n<p>\n\tSon aquellas que permiten a los usuarios registrados navegar a trav\u00e9s del sitio Web, del \u00e1rea restringida y a utilizar sus diferentes funciones, como por ejemplo, el sistema de comentarios o el buscador y no pueden ser desactivadas.\n<\/p>\n\n<div class=\"custom-cookies-option\">\n  <h3>Cookies de an\u00e1lisis o medici\u00f3n<\/h3>\n  <span>\n    <input type=\"radio\" name=\"cookies-analytics-option\" value=\"true\" class=\"custom-cookies-radio\" data-consent=\"ANLTCS\" id=\"custom-cookies-accept-analytics\" >\n    <label for=\"custom-cookies-accept-analytics\">Activar<\/label>\n    &nbsp;&nbsp;\n    <input type=\"radio\" name=\"cookies-analytics-option\" value=\"false\" class=\"custom-cookies-radio\" data-consent=\"ANLTCS\" id=\"custom-cookies-reject-analytics\" \n    checked>\n    <label for=\"custom-cookies-reject-analytics\">Desactivar<\/label>\n<\/span>\n<\/div>\n\n<p>\n\tSon aquellas que, bien tratadas por el sitio Web o por terceros, permiten cuantificar el n\u00famero de usuarios y as\u00ed realizar la medici\u00f3n y an\u00e1lisis estad\u00edstico de la utilizaci\u00f3n que hacen los usuarios del sitio Web. Para ello se analiza la navegaci\u00f3n que realizas en este sitio Web con el fin de mejorarlo.\n<\/p>\n\n<div class=\"custom-cookies-option\">\n  <h3>Cookies sociales<\/h3>\n  <span>\n    <input type=\"radio\" name=\"cookies-social-option\" value=\"true\" class=\"custom-cookies-radio\" data-consent=\"SCLS\" id=\"custom-cookies-accept-social\" \n    >\n    <label for=\"custom-cookies-accept-social\">Activar<\/label>\n    &nbsp;&nbsp;\n    <input type=\"radio\" name=\"cookies-social-option\" value=\"false\" class=\"custom-cookies-radio\" data-consent=\"SCLS\" id=\"custom-cookies-reject-social\" \n    checked>\n    <label for=\"custom-cookies-reject-social\">Desactivar<\/label>\n<\/span>\n<\/div>\n\n<p>\n  Son establecidas por las plataformas de redes sociales para permitir a los usuarios compartir contenido con sus amigos y redes.  \n<\/p>\n\n","protected":false},"excerpt":{"rendered":"<p>El sitio Web https:\/\/www.elenagalavis.com utiliza cookies propias y de terceros para su correcto funcionamiento y para fines anal\u00edticos. Al hacer clic en el bot\u00f3n Aceptar, acepta el uso de estas<span class=\"more-button\"><a href=\"https:\/\/www.elenagalavis.com\/index.php\/preferencias-de-cookies\/\" class=\"more-link\">Seguir leyendo<span class=\"screen-reader-text\">Preferencias de cookies<\/span><\/a><\/span><\/p>\n","protected":false},"author":1,"featured_media":0,"parent":0,"menu_order":0,"comment_status":"closed","ping_status":"closed","template":"","meta":{"footnotes":""},"class_list":["post-641","page","type-page","status-publish","hentry"],"yoast_head":"<!-- This site is optimized with the Yoast SEO plugin v23.9 - https:\/\/yoast.com\/wordpress\/plugins\/seo\/ -->\n<title>Preferencias de cookies - Elena Galav&iacute;s<\/title>\n<meta name=\"robots\" content=\"index, follow, max-snippet:-1, max-image-preview:large, max-video-preview:-1\" \/>\n<link rel=\"canonical\" href=\"https:\/\/www.elenagalavis.com\/index.php\/preferencias-de-cookies\/\" \/>\n<meta property=\"og:locale\" content=\"es_ES\" \/>\n<meta property=\"og:type\" content=\"article\" \/>\n<meta property=\"og:title\" content=\"Preferencias de cookies - Elena Galav&iacute;s\" \/>\n<meta property=\"og:description\" content=\"El sitio Web https:\/\/www.elenagalavis.com utiliza cookies propias y de terceros para su correcto funcionamiento y para fines anal\u00edticos. Al hacer clic en el bot\u00f3n Aceptar, acepta el uso de estasSeguir leyendoPreferencias de cookies\" \/>\n<meta property=\"og:url\" content=\"https:\/\/www.elenagalavis.com\/index.php\/preferencias-de-cookies\/\" \/>\n<meta property=\"og:site_name\" content=\"Elena Galav&iacute;s\" \/>\n<meta name=\"twitter:card\" content=\"summary_large_image\" \/>\n<script type=\"application\/ld+json\" class=\"yoast-schema-graph\">{\"@context\":\"https:\/\/schema.org\",\"@graph\":[{\"@type\":\"WebPage\",\"@id\":\"https:\/\/www.elenagalavis.com\/index.php\/preferencias-de-cookies\/\",\"url\":\"https:\/\/www.elenagalavis.com\/index.php\/preferencias-de-cookies\/\",\"name\":\"Preferencias de cookies - Elena Galav&iacute;s\",\"isPartOf\":{\"@id\":\"https:\/\/www.elenagalavis.com\/#website\"},\"datePublished\":\"2022-01-06T11:50:08+00:00\",\"dateModified\":\"2022-01-06T11:50:08+00:00\",\"breadcrumb\":{\"@id\":\"https:\/\/www.elenagalavis.com\/index.php\/preferencias-de-cookies\/#breadcrumb\"},\"inLanguage\":\"es\",\"potentialAction\":[{\"@type\":\"ReadAction\",\"target\":[\"https:\/\/www.elenagalavis.com\/index.php\/preferencias-de-cookies\/\"]}]},{\"@type\":\"BreadcrumbList\",\"@id\":\"https:\/\/www.elenagalavis.com\/index.php\/preferencias-de-cookies\/#breadcrumb\",\"itemListElement\":[{\"@type\":\"ListItem\",\"position\":1,\"name\":\"Portada\",\"item\":\"https:\/\/www.elenagalavis.com\/\"},{\"@type\":\"ListItem\",\"position\":2,\"name\":\"Preferencias de cookies\"}]},{\"@type\":\"WebSite\",\"@id\":\"https:\/\/www.elenagalavis.com\/#website\",\"url\":\"https:\/\/www.elenagalavis.com\/\",\"name\":\"Elena Galav&iacute;s\",\"description\":\"Obras de arte personalizadas\",\"publisher\":{\"@id\":\"https:\/\/www.elenagalavis.com\/#\/schema\/person\/c8a1d034be5c59a15fa7584afa072fbe\"},\"potentialAction\":[{\"@type\":\"SearchAction\",\"target\":{\"@type\":\"EntryPoint\",\"urlTemplate\":\"https:\/\/www.elenagalavis.com\/?s={search_term_string}\"},\"query-input\":{\"@type\":\"PropertyValueSpecification\",\"valueRequired\":true,\"valueName\":\"search_term_string\"}}],\"inLanguage\":\"es\"},{\"@type\":[\"Person\",\"Organization\"],\"@id\":\"https:\/\/www.elenagalavis.com\/#\/schema\/person\/c8a1d034be5c59a15fa7584afa072fbe\",\"name\":\"Elena Galav\u00eds\",\"image\":{\"@type\":\"ImageObject\",\"inLanguage\":\"es\",\"@id\":\"https:\/\/www.elenagalavis.com\/#\/schema\/person\/image\/\",\"url\":\"https:\/\/www.elenagalavis.com\/wp-content\/uploads\/2022\/01\/cropped-IMG_6236.jpg\",\"contentUrl\":\"https:\/\/www.elenagalavis.com\/wp-content\/uploads\/2022\/01\/cropped-IMG_6236.jpg\",\"width\":512,\"height\":512,\"caption\":\"Elena Galav\u00eds\"},\"logo\":{\"@id\":\"https:\/\/www.elenagalavis.com\/#\/schema\/person\/image\/\"},\"sameAs\":[\"https:\/\/www.elenagalavis.com\"]}]}<\/script>\n<!-- \/ Yoast SEO plugin. -->","yoast_head_json":{"title":"Preferencias de cookies - Elena Galav&iacute;s","robots":{"index":"index","follow":"follow","max-snippet":"max-snippet:-1","max-image-preview":"max-image-preview:large","max-video-preview":"max-video-preview:-1"},"canonical":"https:\/\/www.elenagalavis.com\/index.php\/preferencias-de-cookies\/","og_locale":"es_ES","og_type":"article","og_title":"Preferencias de cookies - Elena Galav&iacute;s","og_description":"El sitio Web https:\/\/www.elenagalavis.com utiliza cookies propias y de terceros para su correcto funcionamiento y para fines anal\u00edticos. Al hacer clic en el bot\u00f3n Aceptar, acepta el uso de estasSeguir leyendoPreferencias de cookies","og_url":"https:\/\/www.elenagalavis.com\/index.php\/preferencias-de-cookies\/","og_site_name":"Elena Galav&iacute;s","twitter_card":"summary_large_image","schema":{"@context":"https:\/\/schema.org","@graph":[{"@type":"WebPage","@id":"https:\/\/www.elenagalavis.com\/index.php\/preferencias-de-cookies\/","url":"https:\/\/www.elenagalavis.com\/index.php\/preferencias-de-cookies\/","name":"Preferencias de cookies - Elena Galav&iacute;s","isPartOf":{"@id":"https:\/\/www.elenagalavis.com\/#website"},"datePublished":"2022-01-06T11:50:08+00:00","dateModified":"2022-01-06T11:50:08+00:00","breadcrumb":{"@id":"https:\/\/www.elenagalavis.com\/index.php\/preferencias-de-cookies\/#breadcrumb"},"inLanguage":"es","potentialAction":[{"@type":"ReadAction","target":["https:\/\/www.elenagalavis.com\/index.php\/preferencias-de-cookies\/"]}]},{"@type":"BreadcrumbList","@id":"https:\/\/www.elenagalavis.com\/index.php\/preferencias-de-cookies\/#breadcrumb","itemListElement":[{"@type":"ListItem","position":1,"name":"Portada","item":"https:\/\/www.elenagalavis.com\/"},{"@type":"ListItem","position":2,"name":"Preferencias de cookies"}]},{"@type":"WebSite","@id":"https:\/\/www.elenagalavis.com\/#website","url":"https:\/\/www.elenagalavis.com\/","name":"Elena Galav&iacute;s","description":"Obras de arte personalizadas","publisher":{"@id":"https:\/\/www.elenagalavis.com\/#\/schema\/person\/c8a1d034be5c59a15fa7584afa072fbe"},"potentialAction":[{"@type":"SearchAction","target":{"@type":"EntryPoint","urlTemplate":"https:\/\/www.elenagalavis.com\/?s={search_term_string}"},"query-input":{"@type":"PropertyValueSpecification","valueRequired":true,"valueName":"search_term_string"}}],"inLanguage":"es"},{"@type":["Person","Organization"],"@id":"https:\/\/www.elenagalavis.com\/#\/schema\/person\/c8a1d034be5c59a15fa7584afa072fbe","name":"Elena Galav\u00eds","image":{"@type":"ImageObject","inLanguage":"es","@id":"https:\/\/www.elenagalavis.com\/#\/schema\/person\/image\/","url":"https:\/\/www.elenagalavis.com\/wp-content\/uploads\/2022\/01\/cropped-IMG_6236.jpg","contentUrl":"https:\/\/www.elenagalavis.com\/wp-content\/uploads\/2022\/01\/cropped-IMG_6236.jpg","width":512,"height":512,"caption":"Elena Galav\u00eds"},"logo":{"@id":"https:\/\/www.elenagalavis.com\/#\/schema\/person\/image\/"},"sameAs":["https:\/\/www.elenagalavis.com"]}]}},"_links":{"self":[{"href":"https:\/\/www.elenagalavis.com\/index.php\/wp-json\/wp\/v2\/pages\/641","targetHints":{"allow":["GET"]}}],"collection":[{"href":"https:\/\/www.elenagalavis.com\/index.php\/wp-json\/wp\/v2\/pages"}],"about":[{"href":"https:\/\/www.elenagalavis.com\/index.php\/wp-json\/wp\/v2\/types\/page"}],"author":[{"embeddable":true,"href":"https:\/\/www.elenagalavis.com\/index.php\/wp-json\/wp\/v2\/users\/1"}],"replies":[{"embeddable":true,"href":"https:\/\/www.elenagalavis.com\/index.php\/wp-json\/wp\/v2\/comments?post=641"}],"version-history":[{"count":1,"href":"https:\/\/www.elenagalavis.com\/index.php\/wp-json\/wp\/v2\/pages\/641\/revisions"}],"predecessor-version":[{"id":642,"href":"https:\/\/www.elenagalavis.com\/index.php\/wp-json\/wp\/v2\/pages\/641\/revisions\/642"}],"wp:attachment":[{"href":"https:\/\/www.elenagalavis.com\/index.php\/wp-json\/wp\/v2\/media?parent=641"}],"curies":[{"name":"wp","href":"https:\/\/api.w.org\/{rel}","templated":true}]}}