{"id":68,"date":"2021-09-19T19:46:27","date_gmt":"2021-09-19T19:46:27","guid":{"rendered":"https:\/\/www.elenagalavis.com\/?page_id=68"},"modified":"2023-09-16T13:12:56","modified_gmt":"2023-09-16T13:12:56","slug":"inicio","status":"publish","type":"page","link":"https:\/\/www.elenagalavis.com\/","title":{"rendered":""},"content":{"rendered":"\n<p class=\"has-text-align-center has-huge-font-size\" style=\"font-style:normal;font-weight:100;text-decoration:none\">&#8211; <strong>ELENA GALAV\u00cdS<\/strong> &#8211;<\/p>\n\n\n\n<p class=\"has-text-align-center\">Artista pl\u00e1stica<\/p>\n\n\n\n<p class=\"has-text-align-center\">En esta web encontrar\u00e1s una recopilaci\u00f3n de mis obras de arte y podr\u00e1s ver las obras que est\u00e1n actualmente disponibles para adquirir de forma inmediata o, si lo prefieres, puedes contactar conmigo para hacer un encargo 100% personalizado, a medida, con las texturas, formas y colores que m\u00e1s se adapten a tu espacio.<strong> <\/strong><\/p>\n\n\n<div class=\"wp-block-image\">\n<figure class=\"aligncenter size-large is-resized\"><img decoding=\"async\" src=\"https:\/\/www.elenagalavis.com\/wp-content\/uploads\/2023\/09\/COMPLICES-AAA-1-768x1024.jpeg\" alt=\"\" class=\"wp-image-1724\" style=\"aspect-ratio:1;object-fit:cover;width:1259px\" width=\"1259\" srcset=\"https:\/\/www.elenagalavis.com\/wp-content\/uploads\/2023\/09\/COMPLICES-AAA-1-768x1024.jpeg 768w, https:\/\/www.elenagalavis.com\/wp-content\/uploads\/2023\/09\/COMPLICES-AAA-1-225x300.jpeg 225w, https:\/\/www.elenagalavis.com\/wp-content\/uploads\/2023\/09\/COMPLICES-AAA-1-1152x1536.jpeg 1152w, https:\/\/www.elenagalavis.com\/wp-content\/uploads\/2023\/09\/COMPLICES-AAA-1.jpeg 1536w\" sizes=\"(max-width: 768px) 100vw, 768px\" \/><\/figure>\n<\/div>\n\n\n<div class=\"wp-block-buttons alignfull is-horizontal is-content-justification-center is-layout-flex wp-container-core-buttons-is-layout-499968f5 wp-block-buttons-is-layout-flex\">\n<div class=\"wp-block-button\"><a class=\"wp-block-button__link wp-element-button\" href=\"https:\/\/www.elenagalavis.com\/index.php\/galeria\/\">Conoce todas mis obras<\/a><\/div>\n\n\n\n<div class=\"wp-block-button\"><a class=\"wp-block-button__link wp-element-button\" href=\"https:\/\/www.elenagalavis.com\/index.php\/obras-disponibles\/\">obras disponibles<\/a><\/div>\n<\/div>\n\n\n\n<div style=\"height:30px\" aria-hidden=\"true\" class=\"wp-block-spacer\"><\/div>\n\n\n\n<p class=\"has-text-align-center\">Aqu\u00ed abajo te dejo una canci\u00f3n tocada por mi al piano, mi otra pasi\u00f3n, para que puedas ir disfrutando.<\/p>\n\n\n\n<p class=\"has-text-align-center\"> Espero que te guste.<\/p>\n\n\n\n<figure class=\"wp-block-audio\"><audio controls src=\"https:\/\/www.elenagalavis.com\/wp-content\/uploads\/2021\/09\/before-you-go-lewis-capaldi-web.mp3\"><\/audio><\/figure>\n","protected":false},"excerpt":{"rendered":"<p>&#8211; ELENA GALAV\u00cdS &#8211; Artista pl\u00e1stica En esta web encontrar\u00e1s una recopilaci\u00f3n de mis obras de arte y podr\u00e1s ver las obras que est\u00e1n actualmente disponibles para adquirir de forma<span class=\"more-button\"><a href=\"https:\/\/www.elenagalavis.com\/\" class=\"more-link\">Seguir leyendo<span class=\"screen-reader-text\"><\/span><\/a><\/span><\/p>\n","protected":false},"author":1,"featured_media":0,"parent":0,"menu_order":0,"comment_status":"closed","ping_status":"closed","template":"","meta":{"footnotes":""},"class_list":["post-68","page","type-page","status-publish","hentry"],"yoast_head":"<!-- This site is optimized with the Yoast SEO plugin v23.9 - https:\/\/yoast.com\/wordpress\/plugins\/seo\/ -->\n<title>- Elena Galav&iacute;s<\/title>\n<meta name=\"robots\" content=\"index, follow, max-snippet:-1, max-image-preview:large, max-video-preview:-1\" \/>\n<link rel=\"canonical\" href=\"https:\/\/www.elenagalavis.com\/\" \/>\n<meta property=\"og:locale\" content=\"es_ES\" \/>\n<meta property=\"og:type\" content=\"article\" \/>\n<meta property=\"og:title\" content=\"- Elena Galav&iacute;s\" \/>\n<meta property=\"og:description\" content=\"&#8211; ELENA GALAV\u00cdS &#8211; Artista pl\u00e1stica En esta web encontrar\u00e1s una recopilaci\u00f3n de mis obras de arte y podr\u00e1s ver las obras que est\u00e1n actualmente disponibles para adquirir de formaSeguir leyendo\" \/>\n<meta property=\"og:url\" content=\"https:\/\/www.elenagalavis.com\/\" \/>\n<meta property=\"og:site_name\" content=\"Elena Galav&iacute;s\" \/>\n<meta property=\"article:modified_time\" content=\"2023-09-16T13:12:56+00:00\" \/>\n<meta property=\"og:image\" content=\"https:\/\/www.elenagalavis.com\/wp-content\/uploads\/2023\/09\/COMPLICES-AAA-1-768x1024.jpeg\" \/>\n<meta name=\"twitter:card\" content=\"summary_large_image\" \/>\n<meta name=\"twitter:label1\" content=\"Tiempo de lectura\" \/>\n\t<meta name=\"twitter:data1\" content=\"1 minuto\" \/>\n<script type=\"application\/ld+json\" class=\"yoast-schema-graph\">{\"@context\":\"https:\/\/schema.org\",\"@graph\":[{\"@type\":\"WebPage\",\"@id\":\"https:\/\/www.elenagalavis.com\/\",\"url\":\"https:\/\/www.elenagalavis.com\/\",\"name\":\"- Elena Galav&iacute;s\",\"isPartOf\":{\"@id\":\"https:\/\/www.elenagalavis.com\/#website\"},\"primaryImageOfPage\":{\"@id\":\"https:\/\/www.elenagalavis.com\/#primaryimage\"},\"image\":{\"@id\":\"https:\/\/www.elenagalavis.com\/#primaryimage\"},\"thumbnailUrl\":\"https:\/\/www.elenagalavis.com\/wp-content\/uploads\/2023\/09\/COMPLICES-AAA-1-768x1024.jpeg\",\"datePublished\":\"2021-09-19T19:46:27+00:00\",\"dateModified\":\"2023-09-16T13:12:56+00:00\",\"inLanguage\":\"es\",\"potentialAction\":[{\"@type\":\"ReadAction\",\"target\":[\"https:\/\/www.elenagalavis.com\/\"]}]},{\"@type\":\"ImageObject\",\"inLanguage\":\"es\",\"@id\":\"https:\/\/www.elenagalavis.com\/#primaryimage\",\"url\":\"https:\/\/www.elenagalavis.com\/wp-content\/uploads\/2023\/09\/COMPLICES-AAA-1-768x1024.jpeg\",\"contentUrl\":\"https:\/\/www.elenagalavis.com\/wp-content\/uploads\/2023\/09\/COMPLICES-AAA-1-768x1024.jpeg\"},{\"@type\":\"WebSite\",\"@id\":\"https:\/\/www.elenagalavis.com\/#website\",\"url\":\"https:\/\/www.elenagalavis.com\/\",\"name\":\"Elena Galav&iacute;s\",\"description\":\"Obras de arte personalizadas\",\"publisher\":{\"@id\":\"https:\/\/www.elenagalavis.com\/#\/schema\/person\/c8a1d034be5c59a15fa7584afa072fbe\"},\"potentialAction\":[{\"@type\":\"SearchAction\",\"target\":{\"@type\":\"EntryPoint\",\"urlTemplate\":\"https:\/\/www.elenagalavis.com\/?s={search_term_string}\"},\"query-input\":{\"@type\":\"PropertyValueSpecification\",\"valueRequired\":true,\"valueName\":\"search_term_string\"}}],\"inLanguage\":\"es\"},{\"@type\":[\"Person\",\"Organization\"],\"@id\":\"https:\/\/www.elenagalavis.com\/#\/schema\/person\/c8a1d034be5c59a15fa7584afa072fbe\",\"name\":\"Elena Galav\u00eds\",\"image\":{\"@type\":\"ImageObject\",\"inLanguage\":\"es\",\"@id\":\"https:\/\/www.elenagalavis.com\/#\/schema\/person\/image\/\",\"url\":\"https:\/\/www.elenagalavis.com\/wp-content\/uploads\/2022\/01\/cropped-IMG_6236.jpg\",\"contentUrl\":\"https:\/\/www.elenagalavis.com\/wp-content\/uploads\/2022\/01\/cropped-IMG_6236.jpg\",\"width\":512,\"height\":512,\"caption\":\"Elena Galav\u00eds\"},\"logo\":{\"@id\":\"https:\/\/www.elenagalavis.com\/#\/schema\/person\/image\/\"},\"sameAs\":[\"https:\/\/www.elenagalavis.com\"]}]}<\/script>\n<!-- \/ Yoast SEO plugin. -->","yoast_head_json":{"title":"- Elena Galav&iacute;s","robots":{"index":"index","follow":"follow","max-snippet":"max-snippet:-1","max-image-preview":"max-image-preview:large","max-video-preview":"max-video-preview:-1"},"canonical":"https:\/\/www.elenagalavis.com\/","og_locale":"es_ES","og_type":"article","og_title":"- Elena Galav&iacute;s","og_description":"&#8211; ELENA GALAV\u00cdS &#8211; Artista pl\u00e1stica En esta web encontrar\u00e1s una recopilaci\u00f3n de mis obras de arte y podr\u00e1s ver las obras que est\u00e1n actualmente disponibles para adquirir de formaSeguir leyendo","og_url":"https:\/\/www.elenagalavis.com\/","og_site_name":"Elena Galav&iacute;s","article_modified_time":"2023-09-16T13:12:56+00:00","og_image":[{"url":"https:\/\/www.elenagalavis.com\/wp-content\/uploads\/2023\/09\/COMPLICES-AAA-1-768x1024.jpeg"}],"twitter_card":"summary_large_image","twitter_misc":{"Tiempo de lectura":"1 minuto"},"schema":{"@context":"https:\/\/schema.org","@graph":[{"@type":"WebPage","@id":"https:\/\/www.elenagalavis.com\/","url":"https:\/\/www.elenagalavis.com\/","name":"- Elena Galav&iacute;s","isPartOf":{"@id":"https:\/\/www.elenagalavis.com\/#website"},"primaryImageOfPage":{"@id":"https:\/\/www.elenagalavis.com\/#primaryimage"},"image":{"@id":"https:\/\/www.elenagalavis.com\/#primaryimage"},"thumbnailUrl":"https:\/\/www.elenagalavis.com\/wp-content\/uploads\/2023\/09\/COMPLICES-AAA-1-768x1024.jpeg","datePublished":"2021-09-19T19:46:27+00:00","dateModified":"2023-09-16T13:12:56+00:00","inLanguage":"es","potentialAction":[{"@type":"ReadAction","target":["https:\/\/www.elenagalavis.com\/"]}]},{"@type":"ImageObject","inLanguage":"es","@id":"https:\/\/www.elenagalavis.com\/#primaryimage","url":"https:\/\/www.elenagalavis.com\/wp-content\/uploads\/2023\/09\/COMPLICES-AAA-1-768x1024.jpeg","contentUrl":"https:\/\/www.elenagalavis.com\/wp-content\/uploads\/2023\/09\/COMPLICES-AAA-1-768x1024.jpeg"},{"@type":"WebSite","@id":"https:\/\/www.elenagalavis.com\/#website","url":"https:\/\/www.elenagalavis.com\/","name":"Elena Galav&iacute;s","description":"Obras de arte personalizadas","publisher":{"@id":"https:\/\/www.elenagalavis.com\/#\/schema\/person\/c8a1d034be5c59a15fa7584afa072fbe"},"potentialAction":[{"@type":"SearchAction","target":{"@type":"EntryPoint","urlTemplate":"https:\/\/www.elenagalavis.com\/?s={search_term_string}"},"query-input":{"@type":"PropertyValueSpecification","valueRequired":true,"valueName":"search_term_string"}}],"inLanguage":"es"},{"@type":["Person","Organization"],"@id":"https:\/\/www.elenagalavis.com\/#\/schema\/person\/c8a1d034be5c59a15fa7584afa072fbe","name":"Elena Galav\u00eds","image":{"@type":"ImageObject","inLanguage":"es","@id":"https:\/\/www.elenagalavis.com\/#\/schema\/person\/image\/","url":"https:\/\/www.elenagalavis.com\/wp-content\/uploads\/2022\/01\/cropped-IMG_6236.jpg","contentUrl":"https:\/\/www.elenagalavis.com\/wp-content\/uploads\/2022\/01\/cropped-IMG_6236.jpg","width":512,"height":512,"caption":"Elena Galav\u00eds"},"logo":{"@id":"https:\/\/www.elenagalavis.com\/#\/schema\/person\/image\/"},"sameAs":["https:\/\/www.elenagalavis.com"]}]}},"_links":{"self":[{"href":"https:\/\/www.elenagalavis.com\/index.php\/wp-json\/wp\/v2\/pages\/68","targetHints":{"allow":["GET"]}}],"collection":[{"href":"https:\/\/www.elenagalavis.com\/index.php\/wp-json\/wp\/v2\/pages"}],"about":[{"href":"https:\/\/www.elenagalavis.com\/index.php\/wp-json\/wp\/v2\/types\/page"}],"author":[{"embeddable":true,"href":"https:\/\/www.elenagalavis.com\/index.php\/wp-json\/wp\/v2\/users\/1"}],"replies":[{"embeddable":true,"href":"https:\/\/www.elenagalavis.com\/index.php\/wp-json\/wp\/v2\/comments?post=68"}],"version-history":[{"count":34,"href":"https:\/\/www.elenagalavis.com\/index.php\/wp-json\/wp\/v2\/pages\/68\/revisions"}],"predecessor-version":[{"id":1727,"href":"https:\/\/www.elenagalavis.com\/index.php\/wp-json\/wp\/v2\/pages\/68\/revisions\/1727"}],"wp:attachment":[{"href":"https:\/\/www.elenagalavis.com\/index.php\/wp-json\/wp\/v2\/media?parent=68"}],"curies":[{"name":"wp","href":"https:\/\/api.w.org\/{rel}","templated":true}]}}