{"id":7,"date":"2021-09-18T10:49:25","date_gmt":"2021-09-18T10:49:25","guid":{"rendered":"https:\/\/www.elenagalavis.com\/?page_id=7"},"modified":"2023-09-08T07:13:37","modified_gmt":"2023-09-08T07:13:37","slug":"contacto","status":"publish","type":"page","link":"https:\/\/www.elenagalavis.com\/index.php\/contacto\/","title":{"rendered":"CONTACTO"},"content":{"rendered":"\n<p class=\"has-text-align-center\">Contacta conmigo tanto si te interesa un cuadro ya disponible como si prefieres que dise\u00f1emos juntos un cuadro personalizado. Estar\u00e9 encantada de ayudarte, explicarte c\u00f3mo es el proceso, plazos y darte presupuesto sin ning\u00fan tipo de compromiso. <\/p>\n\n\n\n<div class=\"wp-block-columns is-layout-flex wp-container-core-columns-is-layout-9d6595d7 wp-block-columns-is-layout-flex\">\n<div class=\"wp-block-column is-vertically-aligned-center is-layout-flow wp-block-column-is-layout-flow\"><div class=\"wp-block-image\">\n<figure class=\"aligncenter size-large is-resized\"><img decoding=\"async\" src=\"https:\/\/www.elenagalavis.com\/wp-content\/uploads\/2022\/01\/IMG_6236-1024x1024.jpg\" alt=\"\" class=\"wp-image-516\" style=\"width:-518px;height:-518px\" width=\"-518\" height=\"-518\" srcset=\"https:\/\/www.elenagalavis.com\/wp-content\/uploads\/2022\/01\/IMG_6236-1024x1024.jpg 1024w, https:\/\/www.elenagalavis.com\/wp-content\/uploads\/2022\/01\/IMG_6236-300x300.jpg 300w, https:\/\/www.elenagalavis.com\/wp-content\/uploads\/2022\/01\/IMG_6236-150x150.jpg 150w, https:\/\/www.elenagalavis.com\/wp-content\/uploads\/2022\/01\/IMG_6236-768x768.jpg 768w, https:\/\/www.elenagalavis.com\/wp-content\/uploads\/2022\/01\/IMG_6236-1536x1536.jpg 1536w, https:\/\/www.elenagalavis.com\/wp-content\/uploads\/2022\/01\/IMG_6236.jpg 2048w\" sizes=\"(max-width: 1024px) 100vw, 1024px\" \/><\/figure>\n<\/div><\/div>\n\n\n\n<div class=\"wp-block-column is-vertically-aligned-center is-layout-flow wp-block-column-is-layout-flow\">\n<p><strong>Elena Galav\u00eds<\/strong><\/p>\n\n\n\n<p>Correo electr\u00f3nico &#8211; <strong>elenagalavisart@gmail.com<\/strong><\/p>\n\n\n\n<p>Tel\u00e9fono &#8211; <strong>+34 618 05 31 70<\/strong><\/p>\n\n\n\n<p>Instagram <a href=\"https:\/\/www.instagram.com\/elena_galavis_art\/?hl=es\">&#8211; <strong>@<em>elena_galavis_art<\/em><\/strong><\/a><\/p>\n<\/div>\n<\/div>\n","protected":false},"excerpt":{"rendered":"<p>Contacta conmigo tanto si te interesa un cuadro ya disponible como si prefieres que dise\u00f1emos juntos un cuadro personalizado. Estar\u00e9 encantada de ayudarte, explicarte c\u00f3mo es el proceso, plazos y<span class=\"more-button\"><a href=\"https:\/\/www.elenagalavis.com\/index.php\/contacto\/\" class=\"more-link\">Seguir leyendo<span class=\"screen-reader-text\">CONTACTO<\/span><\/a><\/span><\/p>\n","protected":false},"author":1,"featured_media":0,"parent":0,"menu_order":0,"comment_status":"closed","ping_status":"closed","template":"","meta":{"footnotes":""},"class_list":["post-7","page","type-page","status-publish","hentry"],"yoast_head":"<!-- This site is optimized with the Yoast SEO plugin v23.9 - https:\/\/yoast.com\/wordpress\/plugins\/seo\/ -->\n<title>CONTACTO - Elena Galav&iacute;s<\/title>\n<meta name=\"robots\" content=\"index, follow, max-snippet:-1, max-image-preview:large, max-video-preview:-1\" \/>\n<link rel=\"canonical\" href=\"https:\/\/www.elenagalavis.com\/index.php\/contacto\/\" \/>\n<meta property=\"og:locale\" content=\"es_ES\" \/>\n<meta property=\"og:type\" content=\"article\" \/>\n<meta property=\"og:title\" content=\"CONTACTO - Elena Galav&iacute;s\" \/>\n<meta property=\"og:description\" content=\"Contacta conmigo tanto si te interesa un cuadro ya disponible como si prefieres que dise\u00f1emos juntos un cuadro personalizado. Estar\u00e9 encantada de ayudarte, explicarte c\u00f3mo es el proceso, plazos ySeguir leyendoCONTACTO\" \/>\n<meta property=\"og:url\" content=\"https:\/\/www.elenagalavis.com\/index.php\/contacto\/\" \/>\n<meta property=\"og:site_name\" content=\"Elena Galav&iacute;s\" \/>\n<meta property=\"article:modified_time\" content=\"2023-09-08T07:13:37+00:00\" \/>\n<meta property=\"og:image\" content=\"https:\/\/www.elenagalavis.com\/wp-content\/uploads\/2022\/01\/IMG_6236-1024x1024.jpg\" \/>\n<meta name=\"twitter:card\" content=\"summary_large_image\" \/>\n<meta name=\"twitter:label1\" content=\"Tiempo de lectura\" \/>\n\t<meta name=\"twitter:data1\" content=\"1 minuto\" \/>\n<script type=\"application\/ld+json\" class=\"yoast-schema-graph\">{\"@context\":\"https:\/\/schema.org\",\"@graph\":[{\"@type\":\"WebPage\",\"@id\":\"https:\/\/www.elenagalavis.com\/index.php\/contacto\/\",\"url\":\"https:\/\/www.elenagalavis.com\/index.php\/contacto\/\",\"name\":\"CONTACTO - Elena Galav&iacute;s\",\"isPartOf\":{\"@id\":\"https:\/\/www.elenagalavis.com\/#website\"},\"primaryImageOfPage\":{\"@id\":\"https:\/\/www.elenagalavis.com\/index.php\/contacto\/#primaryimage\"},\"image\":{\"@id\":\"https:\/\/www.elenagalavis.com\/index.php\/contacto\/#primaryimage\"},\"thumbnailUrl\":\"https:\/\/www.elenagalavis.com\/wp-content\/uploads\/2022\/01\/IMG_6236-1024x1024.jpg\",\"datePublished\":\"2021-09-18T10:49:25+00:00\",\"dateModified\":\"2023-09-08T07:13:37+00:00\",\"breadcrumb\":{\"@id\":\"https:\/\/www.elenagalavis.com\/index.php\/contacto\/#breadcrumb\"},\"inLanguage\":\"es\",\"potentialAction\":[{\"@type\":\"ReadAction\",\"target\":[\"https:\/\/www.elenagalavis.com\/index.php\/contacto\/\"]}]},{\"@type\":\"ImageObject\",\"inLanguage\":\"es\",\"@id\":\"https:\/\/www.elenagalavis.com\/index.php\/contacto\/#primaryimage\",\"url\":\"https:\/\/www.elenagalavis.com\/wp-content\/uploads\/2022\/01\/IMG_6236.jpg\",\"contentUrl\":\"https:\/\/www.elenagalavis.com\/wp-content\/uploads\/2022\/01\/IMG_6236.jpg\",\"width\":2048,\"height\":2048},{\"@type\":\"BreadcrumbList\",\"@id\":\"https:\/\/www.elenagalavis.com\/index.php\/contacto\/#breadcrumb\",\"itemListElement\":[{\"@type\":\"ListItem\",\"position\":1,\"name\":\"Portada\",\"item\":\"https:\/\/www.elenagalavis.com\/\"},{\"@type\":\"ListItem\",\"position\":2,\"name\":\"CONTACTO\"}]},{\"@type\":\"WebSite\",\"@id\":\"https:\/\/www.elenagalavis.com\/#website\",\"url\":\"https:\/\/www.elenagalavis.com\/\",\"name\":\"Elena Galav&iacute;s\",\"description\":\"Obras de arte personalizadas\",\"publisher\":{\"@id\":\"https:\/\/www.elenagalavis.com\/#\/schema\/person\/c8a1d034be5c59a15fa7584afa072fbe\"},\"potentialAction\":[{\"@type\":\"SearchAction\",\"target\":{\"@type\":\"EntryPoint\",\"urlTemplate\":\"https:\/\/www.elenagalavis.com\/?s={search_term_string}\"},\"query-input\":{\"@type\":\"PropertyValueSpecification\",\"valueRequired\":true,\"valueName\":\"search_term_string\"}}],\"inLanguage\":\"es\"},{\"@type\":[\"Person\",\"Organization\"],\"@id\":\"https:\/\/www.elenagalavis.com\/#\/schema\/person\/c8a1d034be5c59a15fa7584afa072fbe\",\"name\":\"Elena Galav\u00eds\",\"image\":{\"@type\":\"ImageObject\",\"inLanguage\":\"es\",\"@id\":\"https:\/\/www.elenagalavis.com\/#\/schema\/person\/image\/\",\"url\":\"https:\/\/www.elenagalavis.com\/wp-content\/uploads\/2022\/01\/cropped-IMG_6236.jpg\",\"contentUrl\":\"https:\/\/www.elenagalavis.com\/wp-content\/uploads\/2022\/01\/cropped-IMG_6236.jpg\",\"width\":512,\"height\":512,\"caption\":\"Elena Galav\u00eds\"},\"logo\":{\"@id\":\"https:\/\/www.elenagalavis.com\/#\/schema\/person\/image\/\"},\"sameAs\":[\"https:\/\/www.elenagalavis.com\"]}]}<\/script>\n<!-- \/ Yoast SEO plugin. -->","yoast_head_json":{"title":"CONTACTO - Elena Galav&iacute;s","robots":{"index":"index","follow":"follow","max-snippet":"max-snippet:-1","max-image-preview":"max-image-preview:large","max-video-preview":"max-video-preview:-1"},"canonical":"https:\/\/www.elenagalavis.com\/index.php\/contacto\/","og_locale":"es_ES","og_type":"article","og_title":"CONTACTO - Elena Galav&iacute;s","og_description":"Contacta conmigo tanto si te interesa un cuadro ya disponible como si prefieres que dise\u00f1emos juntos un cuadro personalizado. Estar\u00e9 encantada de ayudarte, explicarte c\u00f3mo es el proceso, plazos ySeguir leyendoCONTACTO","og_url":"https:\/\/www.elenagalavis.com\/index.php\/contacto\/","og_site_name":"Elena Galav&iacute;s","article_modified_time":"2023-09-08T07:13:37+00:00","og_image":[{"url":"https:\/\/www.elenagalavis.com\/wp-content\/uploads\/2022\/01\/IMG_6236-1024x1024.jpg"}],"twitter_card":"summary_large_image","twitter_misc":{"Tiempo de lectura":"1 minuto"},"schema":{"@context":"https:\/\/schema.org","@graph":[{"@type":"WebPage","@id":"https:\/\/www.elenagalavis.com\/index.php\/contacto\/","url":"https:\/\/www.elenagalavis.com\/index.php\/contacto\/","name":"CONTACTO - Elena Galav&iacute;s","isPartOf":{"@id":"https:\/\/www.elenagalavis.com\/#website"},"primaryImageOfPage":{"@id":"https:\/\/www.elenagalavis.com\/index.php\/contacto\/#primaryimage"},"image":{"@id":"https:\/\/www.elenagalavis.com\/index.php\/contacto\/#primaryimage"},"thumbnailUrl":"https:\/\/www.elenagalavis.com\/wp-content\/uploads\/2022\/01\/IMG_6236-1024x1024.jpg","datePublished":"2021-09-18T10:49:25+00:00","dateModified":"2023-09-08T07:13:37+00:00","breadcrumb":{"@id":"https:\/\/www.elenagalavis.com\/index.php\/contacto\/#breadcrumb"},"inLanguage":"es","potentialAction":[{"@type":"ReadAction","target":["https:\/\/www.elenagalavis.com\/index.php\/contacto\/"]}]},{"@type":"ImageObject","inLanguage":"es","@id":"https:\/\/www.elenagalavis.com\/index.php\/contacto\/#primaryimage","url":"https:\/\/www.elenagalavis.com\/wp-content\/uploads\/2022\/01\/IMG_6236.jpg","contentUrl":"https:\/\/www.elenagalavis.com\/wp-content\/uploads\/2022\/01\/IMG_6236.jpg","width":2048,"height":2048},{"@type":"BreadcrumbList","@id":"https:\/\/www.elenagalavis.com\/index.php\/contacto\/#breadcrumb","itemListElement":[{"@type":"ListItem","position":1,"name":"Portada","item":"https:\/\/www.elenagalavis.com\/"},{"@type":"ListItem","position":2,"name":"CONTACTO"}]},{"@type":"WebSite","@id":"https:\/\/www.elenagalavis.com\/#website","url":"https:\/\/www.elenagalavis.com\/","name":"Elena Galav&iacute;s","description":"Obras de arte personalizadas","publisher":{"@id":"https:\/\/www.elenagalavis.com\/#\/schema\/person\/c8a1d034be5c59a15fa7584afa072fbe"},"potentialAction":[{"@type":"SearchAction","target":{"@type":"EntryPoint","urlTemplate":"https:\/\/www.elenagalavis.com\/?s={search_term_string}"},"query-input":{"@type":"PropertyValueSpecification","valueRequired":true,"valueName":"search_term_string"}}],"inLanguage":"es"},{"@type":["Person","Organization"],"@id":"https:\/\/www.elenagalavis.com\/#\/schema\/person\/c8a1d034be5c59a15fa7584afa072fbe","name":"Elena Galav\u00eds","image":{"@type":"ImageObject","inLanguage":"es","@id":"https:\/\/www.elenagalavis.com\/#\/schema\/person\/image\/","url":"https:\/\/www.elenagalavis.com\/wp-content\/uploads\/2022\/01\/cropped-IMG_6236.jpg","contentUrl":"https:\/\/www.elenagalavis.com\/wp-content\/uploads\/2022\/01\/cropped-IMG_6236.jpg","width":512,"height":512,"caption":"Elena Galav\u00eds"},"logo":{"@id":"https:\/\/www.elenagalavis.com\/#\/schema\/person\/image\/"},"sameAs":["https:\/\/www.elenagalavis.com"]}]}},"_links":{"self":[{"href":"https:\/\/www.elenagalavis.com\/index.php\/wp-json\/wp\/v2\/pages\/7","targetHints":{"allow":["GET"]}}],"collection":[{"href":"https:\/\/www.elenagalavis.com\/index.php\/wp-json\/wp\/v2\/pages"}],"about":[{"href":"https:\/\/www.elenagalavis.com\/index.php\/wp-json\/wp\/v2\/types\/page"}],"author":[{"embeddable":true,"href":"https:\/\/www.elenagalavis.com\/index.php\/wp-json\/wp\/v2\/users\/1"}],"replies":[{"embeddable":true,"href":"https:\/\/www.elenagalavis.com\/index.php\/wp-json\/wp\/v2\/comments?post=7"}],"version-history":[{"count":27,"href":"https:\/\/www.elenagalavis.com\/index.php\/wp-json\/wp\/v2\/pages\/7\/revisions"}],"predecessor-version":[{"id":1623,"href":"https:\/\/www.elenagalavis.com\/index.php\/wp-json\/wp\/v2\/pages\/7\/revisions\/1623"}],"wp:attachment":[{"href":"https:\/\/www.elenagalavis.com\/index.php\/wp-json\/wp\/v2\/media?parent=7"}],"curies":[{"name":"wp","href":"https:\/\/api.w.org\/{rel}","templated":true}]}}